{"id":1330,"date":"2026-02-25T21:34:03","date_gmt":"2026-02-25T21:34:03","guid":{"rendered":"https:\/\/costiproject.net\/home\/"},"modified":"2026-05-05T08:37:09","modified_gmt":"2026-05-05T08:37:09","slug":"home","status":"publish","type":"page","link":"https:\/\/costiproject.net\/ca\/","title":{"rendered":"Inici"},"content":{"rendered":"\t\t<div data-elementor-type=\"wp-page\" data-elementor-id=\"1330\" class=\"elementor elementor-1330 elementor-14\">\n\t\t\t\t<div class=\"aux-parallax-section elementor-element elementor-element-e4b6b38 e-con-full e-flex e-con e-parent\" data-id=\"e4b6b38\" data-element_type=\"container\" data-e-type=\"container\" data-settings=\"{&quot;background_background&quot;:&quot;classic&quot;}\">\n\t\t<div class=\"elementor-element elementor-element-7100ae7 e-con-full e-flex e-con e-child\" data-id=\"7100ae7\" data-element_type=\"container\" data-e-type=\"container\">\n\t\t\t\t<div class=\"elementor-element elementor-element-694bc3b elementor-widget elementor-widget-aux_modern_heading\" data-id=\"694bc3b\" data-element_type=\"widget\" data-e-type=\"widget\" data-widget_type=\"aux_modern_heading.default\">\n\t\t\t\t\t<section class=\"aux-widget-modern-heading\">\n            <div class=\"aux-widget-inner\"><h1 class=\"aux-modern-heading-primary\">COSTI<\/h1><div class=\"aux-modern-heading-description\"><p><span lang=\"es-ES\">El cost de l\u2019estigma. Analitzar i prevenir la discriminaci\u00f3 contra estudiants en la ind\u00fastria del sexe a les universitats espanyoles i italianes<\/span><\/p><\/div><\/div>\n        <\/section>\t\t\t\t<\/div>\n\t\t\t\t<\/div>\n\t\t<div class=\"elementor-element elementor-element-d9f265a e-con-full e-flex e-con e-child\" data-id=\"d9f265a\" data-element_type=\"container\" data-e-type=\"container\">\n\t\t\t\t<\/div>\n\t\t\t\t<\/div>\n\t\t<div class=\"aux-parallax-section elementor-element elementor-element-82f5c8a e-con-full e-flex e-con e-parent\" data-id=\"82f5c8a\" data-element_type=\"container\" data-e-type=\"container\" id=\"sobre\" data-settings=\"{&quot;background_background&quot;:&quot;classic&quot;}\">\n\t\t\t\t<div class=\"elementor-element elementor-element-43d8d3b elementor-view-default elementor-invisible elementor-widget elementor-widget-icon\" data-id=\"43d8d3b\" data-element_type=\"widget\" data-e-type=\"widget\" data-settings=\"{&quot;_animation_mobile&quot;:&quot;bounceInDown&quot;,&quot;_animation&quot;:&quot;bounce&quot;,&quot;_animation_delay&quot;:2000}\" data-widget_type=\"icon.default\">\n\t\t\t\t\t\t\t<div class=\"elementor-icon-wrapper\">\n\t\t\t<a class=\"elementor-icon\" href=\"#sobre\">\n\t\t\t<i aria-hidden=\"true\" class=\"auxicon2 auxicon2-arrow-chevron-fat-down\"><\/i>\t\t\t<\/a>\n\t\t<\/div>\n\t\t\t\t\t\t<\/div>\n\t\t\t\t<div class=\"elementor-element elementor-element-f576823 elementor-widget__width-initial elementor-widget elementor-widget-text-editor\" data-id=\"f576823\" data-element_type=\"widget\" data-e-type=\"widget\" data-widget_type=\"text-editor.default\">\n\t\t\t\t\t\t\t\t\t<p class=\"western\" lang=\"en-GB\" align=\"justify\"><span lang=\"es-MX\">El projecte COSTI t\u00e9 com a objectiu promoure respostes equitatives a les necessitats de l\u2019alumnat que exerceix el treball sexual a les universitats espanyoles i italianes, aix\u00ed com sensibilitzar sobre el treball sexual estudiantil dins de les institucions educatives i de la societat.<\/span><\/p><p class=\"western\" lang=\"en-GB\" align=\"justify\"><span lang=\"es-MX\">Podeu explorar en qu\u00e8 consisteix el <a href=\"https:\/\/costiproject.net\/ca\/project\/\"><span lang=\"en-US\">projecte<\/span><\/a>, mantenir-vos al dia de les nostres <a href=\"https:\/\/costiproject.net\/ca\/activities\/\"><span lang=\"en-US\">activitats<\/span><\/a> o consultar les <a href=\"https:\/\/costiproject.net\/ca\/publications\/\"><span lang=\"en-US\">publicacions<\/span><\/a> relacionades.<\/span><\/p><p class=\"western\" lang=\"en-GB\" align=\"justify\"><span lang=\"pt-PT\">Tamb\u00e9 podeu col\u00b7laborar de manera an\u00f2nima participant com a estudiant, com a estudiant que exerceix treball sexual o com a membre del personal acad\u00e8mic.<\/span><\/p><p class=\"western\" lang=\"en-GB\" align=\"justify\"><span lang=\"pt-PT\">El projecte es duu a terme a la Universitat Rovira i Virgili i <\/span><span lang=\"en-US\">a la Universitat Nacional Aut\u00f2noma de M\u00e8xic. E<\/span><span lang=\"pt-PT\">l seu <span lang=\"en-US\"><a href=\"https:\/\/costiproject.net\/ca\/team\/\">equip de recerca<\/a><\/span>\u00a0est\u00e0 format per Livia Motterle (Investigadora Principal), Jordi Roca i Marta Lamas.<\/span><\/p>\t\t\t\t\t\t\t\t<\/div>\n\t\t\t\t<\/div>\n\t\t<div class=\"aux-parallax-section elementor-element elementor-element-b2f166c e-flex e-con-boxed e-con e-parent\" data-id=\"b2f166c\" data-element_type=\"container\" data-e-type=\"container\">\n\t\t\t\t\t<div class=\"e-con-inner\">\n\t\t\t\t<div class=\"elementor-element elementor-element-68f2da5 elementor-widget elementor-widget-aux_modern_button\" data-id=\"68f2da5\" data-element_type=\"widget\" data-e-type=\"widget\" data-widget_type=\"aux_modern_button.default\">\n\t\t\t\t\t    <div class=\"aux-modern-button-wrapper aux-modern-button-align-left\" >\n                    <a class=\"aux-modern-button aux-black aux-modern-button-md aux-modern-button-normal aux-modern-button-default aux-icon-\" id=\"collaborateanchor\">\n                <div class=\"aux-overlay\"><\/div>\n                                    <div class=\"aux-icon \">\n                                            <\/div>\n                                <div class=\"aux-text\">\n<span class=\"aux-text-before\">COL\u00b7LABORA<\/span>                <\/div>\n            <\/a>\n            \n    <\/div>\n\n    \t\t\t\t<\/div>\n\t\t\t\t\t<\/div>\n\t\t\t\t<\/div>\n\t\t<div class=\"aux-parallax-section elementor-element elementor-element-e52b0a1 e-flex e-con-boxed e-con e-parent\" data-id=\"e52b0a1\" data-element_type=\"container\" data-e-type=\"container\">\n\t\t\t\t\t<div class=\"e-con-inner\">\n\t\t<div class=\"elementor-element elementor-element-933983b e-con-full e-flex e-con e-child\" data-id=\"933983b\" data-element_type=\"container\" data-e-type=\"container\">\n\t\t\t\t<div class=\"elementor-element elementor-element-29cb1e5 elementor-widget elementor-widget-aux_modern_heading\" data-id=\"29cb1e5\" data-element_type=\"widget\" data-e-type=\"widget\" data-widget_type=\"aux_modern_heading.default\">\n\t\t\t\t\t<section class=\"aux-widget-modern-heading\">\n            <div class=\"aux-widget-inner\"><h3 class=\"aux-modern-heading-primary\">Est\u00e0s estudiant en una universitat espanyola o italiana?<\/h3><div class=\"aux-modern-heading-description\"><p class=\"western\" lang=\"en-GB\" align=\"justify\"><span lang=\"es-MX\">Si actualment estudies a una universitat\u00a0<\/span><span lang=\"ca-ES\">de Barcelona, Madrid, Roma o Bolonya <\/span><span lang=\"es-MX\">i tens m\u00e9s de 18 anys, et convidem a participar emplenant la primera part d\u2019aquest breu q\u00fcestionari an\u00f2nim (ning\u00fa podr\u00e0 identificar qui l\u2019ha completat). T\u00e9 com a objectiu explorar les percepcions de l\u2019estudiantat sobre el treball sexual en el context universitari.<\/span><\/p><p class=\"western\" lang=\"en-GB\" align=\"justify\"><span lang=\"es-MX\">El q\u00fcestionari estar\u00e0 disponible fins al 31 de juliol de 2026.<\/span><\/p><\/div><\/div>\n        <\/section>\t\t\t\t<\/div>\n\t\t\t\t<div class=\"elementor-element elementor-element-5b8eb93 elementor-widget elementor-widget-aux_modern_heading\" data-id=\"5b8eb93\" data-element_type=\"widget\" data-e-type=\"widget\" data-widget_type=\"aux_modern_heading.default\">\n\t\t\t\t\t<section class=\"aux-widget-modern-heading\">\n            <div class=\"aux-widget-inner\"><h3 class=\"aux-modern-heading-primary\"><\/h3><div class=\"aux-modern-heading-description\"><p style=\"text-align: center\"><strong><a href=\"https:\/\/forms.office.com\/r\/jN3MYRbsTn?origin=lprLink&amp;Lang=ca\" target=\"_blank\" rel=\"noopener\">Q\u00fcestionari adre\u00e7at a l'alumnat universitari<\/a><\/strong><\/p><\/div><\/div>\n        <\/section>\t\t\t\t<\/div>\n\t\t\t\t<div class=\"elementor-element elementor-element-dcb00d6 elementor-widget elementor-widget-aux_modern_heading\" data-id=\"dcb00d6\" data-element_type=\"widget\" data-e-type=\"widget\" data-widget_type=\"aux_modern_heading.default\">\n\t\t\t\t\t<section class=\"aux-widget-modern-heading\">\n            <div class=\"aux-widget-inner\"><h3 class=\"aux-modern-heading-primary\"><\/h3><div class=\"aux-modern-heading-description\"><p class=\"western\" lang=\"en-GB\" align=\"justify\"><span lang=\"it-IT\">La teva contribuci\u00f3 ser\u00e0 molt valuosa per al projecte. <\/span><span lang=\"es-MX\">Gr\u00e0cies per participar i ajudar-nos a ampliar el coneixement sobre el treball sexual estudiantil i a promoure un debat informat i respectu\u00f3s.<\/span><\/p><\/div><\/div>\n        <\/section>\t\t\t\t<\/div>\n\t\t\t\t<\/div>\n\t\t<div class=\"elementor-element elementor-element-025346a e-con-full e-flex e-con e-child\" data-id=\"025346a\" data-element_type=\"container\" data-e-type=\"container\">\n\t\t\t\t<div class=\"elementor-element elementor-element-fdab587 elementor-widget elementor-widget-image\" data-id=\"fdab587\" data-element_type=\"widget\" data-e-type=\"widget\" data-widget_type=\"image.default\">\n\t\t\t\t\t\t\t\t\t\t\t\t\t\t\t<img fetchpriority=\"high\" decoding=\"async\" width=\"800\" height=\"1000\" src=\"https:\/\/costiproject.net\/wp-content\/uploads\/2026\/03\/dibujo_student_complet.jpg\" class=\"attachment-full size-full wp-image-809\" alt=\"\" \/>\t\t\t\t\t\t\t\t\t\t\t\t\t\t\t<\/div>\n\t\t\t\t<\/div>\n\t\t\t\t\t<\/div>\n\t\t\t\t<\/div>\n\t\t<div class=\"aux-parallax-section elementor-element elementor-element-c4b85c8 e-flex e-con-boxed e-con e-parent\" data-id=\"c4b85c8\" data-element_type=\"container\" data-e-type=\"container\">\n\t\t\t\t\t<div class=\"e-con-inner\">\n\t\t<div class=\"elementor-element elementor-element-759cdc8 e-con-full e-flex e-con e-child\" data-id=\"759cdc8\" data-element_type=\"container\" data-e-type=\"container\">\n\t\t\t\t<div class=\"elementor-element elementor-element-85678bd elementor-widget elementor-widget-image\" data-id=\"85678bd\" data-element_type=\"widget\" data-e-type=\"widget\" data-widget_type=\"image.default\">\n\t\t\t\t\t\t\t\t\t\t\t\t\t\t\t<img decoding=\"async\" width=\"800\" height=\"1000\" src=\"https:\/\/costiproject.net\/wp-content\/uploads\/2026\/02\/dibujo_sex-worker.jpg\" class=\"attachment-full size-full wp-image-88\" alt=\"\" \/>\t\t\t\t\t\t\t\t\t\t\t\t\t\t\t<\/div>\n\t\t\t\t<\/div>\n\t\t<div class=\"elementor-element elementor-element-3d91d7b e-con-full e-flex e-con e-child\" data-id=\"3d91d7b\" data-element_type=\"container\" data-e-type=\"container\">\n\t\t\t\t<div class=\"elementor-element elementor-element-fde7a6e elementor-widget elementor-widget-aux_modern_heading\" data-id=\"fde7a6e\" data-element_type=\"widget\" data-e-type=\"widget\" data-widget_type=\"aux_modern_heading.default\">\n\t\t\t\t\t<section class=\"aux-widget-modern-heading\">\n            <div class=\"aux-widget-inner\"><h3 class=\"aux-modern-heading-primary\">Est\u00e0s estudiant en una universitat espanyola o italiana i exerceixes treball sexual?<\/h3><div class=\"aux-modern-heading-description\"><p class=\"western\" lang=\"en-GB\" align=\"justify\"><span lang=\"es-MX\">Si ets estudiant d\u2019una universitat <\/span><span lang=\"ca-ES\">de Barcelona, Madrid, Roma o Bolonya,<\/span><span lang=\"es-MX\">\u00a0o has estudiat recentment en una d\u2019elles, tens 18 anys o m\u00e9s, i <\/span><span lang=\"pt-PT\">actualment exerceixes o has exercit treball sexual<\/span><span lang=\"es-MX\">, et convidem a emplenar ambdues parts d\u2019aquest breu q\u00fcestionari an\u00f2nim (ning\u00fa podr\u00e0 identificar qui l\u2019ha completat). L\u2019objectiu \u00e9s explorar les percepcions i experi\u00e8ncies de la comunitat estudiantil sobre el treball sexual en el context universitari, incloses les motivacions i necessitats de qui l'exerceix.<\/span><\/p><p class=\"western\" lang=\"en-GB\" align=\"justify\"><span lang=\"es-MX\">El q\u00fcestionari estar\u00e0 disponible fins al 31 de juliol de 2026.<\/span><\/p><\/div><\/div>\n        <\/section>\t\t\t\t<\/div>\n\t\t\t\t<div class=\"elementor-element elementor-element-e1a0c00 elementor-widget elementor-widget-aux_modern_heading\" data-id=\"e1a0c00\" data-element_type=\"widget\" data-e-type=\"widget\" data-widget_type=\"aux_modern_heading.default\">\n\t\t\t\t\t<section class=\"aux-widget-modern-heading\">\n            <div class=\"aux-widget-inner\"><h3 class=\"aux-modern-heading-primary\"><\/h3><div class=\"aux-modern-heading-description\"><p style=\"text-align: center\"><strong><a href=\"https:\/\/forms.office.com\/r\/jN3MYRbsTn?origin=lprLink&amp;Lang=ca\" target=\"_blank\" rel=\"noopener\">Q\u00fcestionari adre\u00e7at a l'alumnat universitari<\/a><\/strong><\/p><\/div><\/div>\n        <\/section>\t\t\t\t<\/div>\n\t\t\t\t<div class=\"elementor-element elementor-element-43bbcfa elementor-widget elementor-widget-aux_modern_heading\" data-id=\"43bbcfa\" data-element_type=\"widget\" data-e-type=\"widget\" data-widget_type=\"aux_modern_heading.default\">\n\t\t\t\t\t<section class=\"aux-widget-modern-heading\">\n            <div class=\"aux-widget-inner\"><h3 class=\"aux-modern-heading-primary\"><\/h3><div class=\"aux-modern-heading-description\"><p class=\"western\" lang=\"en-GB\" align=\"justify\"><span lang=\"it-IT\">La teva contribuci\u00f3 ser\u00e0 molt valuosa per al projecte. <\/span><span lang=\"es-MX\">Gr\u00e0cies per ajudar a crear entorns universitaris m\u00e9s inclusius i lliures de discriminaci\u00f3 per a les persones que exerceixen treball sexual.<\/span><\/p><p class=\"western\" lang=\"en-GB\" align=\"justify\"><span lang=\"pt-PT\">Tamb\u00e9 et convidem a compartir aquest q\u00fcestionari amb altres membres de l\u2019estudiantat que exerceixen treball sexual. Volem que et sentis part d\u2019una xarxa d\u2019estudiants que comparteixen experi\u00e8ncies, es donen suport m\u00fatuament i fan sentir la seva veu en la societat.<\/span><\/p><p class=\"western\" lang=\"en-GB\" align=\"justify\"><span lang=\"es-MX\"><b>Finalment, si vols compartir la teva hist\u00f2ria de manera an\u00f2nima a trav\u00e9s d\u2019una conversa confidencial (entrevista), pots contactar amb nosaltres a contact@costiproject.net.<\/b><\/span><\/p><\/div><\/div>\n        <\/section>\t\t\t\t<\/div>\n\t\t\t\t<\/div>\n\t\t\t\t\t<\/div>\n\t\t\t\t<\/div>\n\t\t<div class=\"aux-parallax-section elementor-element elementor-element-9dc9af6 e-flex e-con-boxed e-con e-parent\" data-id=\"9dc9af6\" data-element_type=\"container\" data-e-type=\"container\">\n\t\t\t\t\t<div class=\"e-con-inner\">\n\t\t<div class=\"elementor-element elementor-element-80cf8e0 e-con-full e-flex e-con e-child\" data-id=\"80cf8e0\" data-element_type=\"container\" data-e-type=\"container\">\n\t\t\t\t<div class=\"elementor-element elementor-element-0f9e49a elementor-widget elementor-widget-aux_modern_heading\" data-id=\"0f9e49a\" data-element_type=\"widget\" data-e-type=\"widget\" data-widget_type=\"aux_modern_heading.default\">\n\t\t\t\t\t<section class=\"aux-widget-modern-heading\">\n            <div class=\"aux-widget-inner\"><h3 class=\"aux-modern-heading-primary\">Treballes com a membre del professorat o del personal acad\u00e8mic d\u2019una universitat espanyola o italiana?<\/h3><div class=\"aux-modern-heading-description\"><p class=\"western\" lang=\"en-GB\" align=\"justify\"><span lang=\"es-MX\">Si actualment treballes a una universitat de <\/span><span lang=\"ca-ES\">Barcelona, Madrid, Roma o Bolonya,<\/span><span lang=\"es-MX\"> et convidem a participar emplenant aquest breu i an\u00f2nim q\u00fcestionari, que t\u00e9 com a objectiu recollir informaci\u00f3 sobre les percepcions i actituds del professorat i del personal acad\u00e8mic respecte al treball sexual estudiantil.<\/span><\/p><p class=\"western\" lang=\"en-GB\" align=\"justify\"><span lang=\"es-MX\">El q\u00fcestionari estar\u00e0 disponible fins al 31 de juliol de 2026.<\/span><\/p><\/div><\/div>\n        <\/section>\t\t\t\t<\/div>\n\t\t\t\t<div class=\"elementor-element elementor-element-3d0f778 elementor-widget elementor-widget-aux_modern_heading\" data-id=\"3d0f778\" data-element_type=\"widget\" data-e-type=\"widget\" data-widget_type=\"aux_modern_heading.default\">\n\t\t\t\t\t<section class=\"aux-widget-modern-heading\">\n            <div class=\"aux-widget-inner\"><h3 class=\"aux-modern-heading-primary\"><\/h3><div class=\"aux-modern-heading-description\"><p style=\"text-align: center\"><strong><a href=\"https:\/\/forms.office.com\/r\/1Unz0FZ2wR?origin=lprLink&amp;Lang=ca\" target=\"_blank\" rel=\"noopener\">Q\u00fcestionari adre\u00e7at al personal acad\u00e8mic<\/a><\/strong><\/p><\/div><\/div>\n        <\/section>\t\t\t\t<\/div>\n\t\t\t\t<div class=\"elementor-element elementor-element-4f39a33 elementor-widget elementor-widget-aux_modern_heading\" data-id=\"4f39a33\" data-element_type=\"widget\" data-e-type=\"widget\" data-widget_type=\"aux_modern_heading.default\">\n\t\t\t\t\t<section class=\"aux-widget-modern-heading\">\n            <div class=\"aux-widget-inner\"><h3 class=\"aux-modern-heading-primary\"><\/h3><div class=\"aux-modern-heading-description\"><p class=\"western\" lang=\"en-GB\" align=\"justify\"><span lang=\"it-IT\">La teva contribuci\u00f3 ser\u00e0 molt valuosa per al projecte. Gr\u00e0cies per participar i ajudar-nos a ampliar el coneixement sobre el treball sexual estudiantil i a promoure un debat informat i respectu\u00f3s.<\/span><\/p><\/div><\/div>\n        <\/section>\t\t\t\t<\/div>\n\t\t\t\t<\/div>\n\t\t<div class=\"elementor-element elementor-element-5ca0e7a e-con-full e-flex e-con e-child\" data-id=\"5ca0e7a\" data-element_type=\"container\" data-e-type=\"container\">\n\t\t\t\t<div class=\"elementor-element elementor-element-c8aed91 elementor-widget elementor-widget-image\" data-id=\"c8aed91\" data-element_type=\"widget\" data-e-type=\"widget\" data-widget_type=\"image.default\">\n\t\t\t\t\t\t\t\t\t\t\t\t\t\t\t<img decoding=\"async\" width=\"1000\" height=\"800\" src=\"https:\/\/costiproject.net\/wp-content\/uploads\/2026\/02\/dibujo_uni_staff.jpg\" class=\"attachment-full size-full wp-image-90\" alt=\"\" \/>\t\t\t\t\t\t\t\t\t\t\t\t\t\t\t<\/div>\n\t\t\t\t<\/div>\n\t\t\t\t\t<\/div>\n\t\t\t\t<\/div>\n\t\t<div class=\"aux-parallax-section elementor-element elementor-element-ed24d34 e-flex e-con-boxed e-con e-parent\" data-id=\"ed24d34\" data-element_type=\"container\" data-e-type=\"container\" data-settings=\"{&quot;background_background&quot;:&quot;classic&quot;}\">\n\t\t\t\t\t<div class=\"e-con-inner\">\n\t\t<div class=\"elementor-element elementor-element-9172524 e-con-full e-flex e-con e-child\" data-id=\"9172524\" data-element_type=\"container\" data-e-type=\"container\">\n\t\t\t\t<div class=\"elementor-element elementor-element-d96ccab elementor-widget elementor-widget-aux_modern_heading\" data-id=\"d96ccab\" data-element_type=\"widget\" data-e-type=\"widget\" data-widget_type=\"aux_modern_heading.default\">\n\t\t\t\t\t<section class=\"aux-widget-modern-heading\">\n            <div class=\"aux-widget-inner\"><h3 class=\"aux-modern-heading-primary\">Qu\u00e8 \u00e9s el treball sexual?<\/h3><div class=\"aux-modern-heading-description\"><p class=\"western\" lang=\"en-GB\" align=\"justify\"><a name=\"_Hlk219936867\"><\/a> <span lang=\"es-MX\">El treball sexual fa refer\u00e8ncia a l\u2019intercanvi de serveis, performances o continguts sexuals a canvi d\u2019una compensaci\u00f3 material. \u00c9s un terme paraigua que engloba una \u00e0mplia gamma d\u2019activitats, des d\u2019aquelles que impliquen contacte directe amb la clientela (treball sexual al carrer; activitat d'acompanyament o <\/span><span lang=\"es-MX\"><i>escort<\/i><\/span><span lang=\"es-MX\">; venda de serveis sexuals en hotels, salons de massatge o saunes; venda de serveis sexuals en domicilis; etc.), fins a d\u2019altres que es duen a terme sense contacte f\u00edsic (venda de serveis sexuals en plataformes er\u00f2tiques virtuals; ball er\u00f2tic; treball com a int\u00e8rpret en la ind\u00fastria pornogr\u00e0fica; etc.). <\/span><\/p><\/div><\/div>\n        <\/section>\t\t\t\t<\/div>\n\t\t\t\t<div class=\"elementor-element elementor-element-c5620e3 elementor-widget elementor-widget-image\" data-id=\"c5620e3\" data-element_type=\"widget\" data-e-type=\"widget\" data-widget_type=\"image.default\">\n\t\t\t\t\t\t\t\t\t\t\t\t\t\t\t<img loading=\"lazy\" decoding=\"async\" width=\"141\" height=\"109\" src=\"https:\/\/costiproject.net\/wp-content\/uploads\/2026\/02\/sex_work.svg\" class=\"attachment-full size-full wp-image-91\" alt=\"\" \/>\t\t\t\t\t\t\t\t\t\t\t\t\t\t\t<\/div>\n\t\t\t\t<\/div>\n\t\t\t\t\t<\/div>\n\t\t\t\t<\/div>\n\t\t\t\t<\/div>\n\t\t","protected":false},"excerpt":{"rendered":"<p>COSTI El cost de l\u2019estigma. Analitzar i prevenir la discriminaci\u00f3 contra estudiants en la ind\u00fastria del sexe a les universitats espanyoles i italianes El projecte COSTI t\u00e9 com a objectiu promoure respostes equitatives a les necessitats de l\u2019alumnat que exerceix el treball sexual a les universitats espanyoles i italianes, aix\u00ed com sensibilitzar sobre el treball [&hellip;]<\/p>\n","protected":false},"author":1,"featured_media":0,"parent":0,"menu_order":0,"comment_status":"closed","ping_status":"closed","template":"","meta":{"footnotes":""},"class_list":["post-1330","page","type-page","status-publish","hentry"],"_links":{"self":[{"href":"https:\/\/costiproject.net\/ca\/wp-json\/wp\/v2\/pages\/1330","targetHints":{"allow":["GET"]}}],"collection":[{"href":"https:\/\/costiproject.net\/ca\/wp-json\/wp\/v2\/pages"}],"about":[{"href":"https:\/\/costiproject.net\/ca\/wp-json\/wp\/v2\/types\/page"}],"author":[{"embeddable":true,"href":"https:\/\/costiproject.net\/ca\/wp-json\/wp\/v2\/users\/1"}],"replies":[{"embeddable":true,"href":"https:\/\/costiproject.net\/ca\/wp-json\/wp\/v2\/comments?post=1330"}],"version-history":[{"count":82,"href":"https:\/\/costiproject.net\/ca\/wp-json\/wp\/v2\/pages\/1330\/revisions"}],"predecessor-version":[{"id":2032,"href":"https:\/\/costiproject.net\/ca\/wp-json\/wp\/v2\/pages\/1330\/revisions\/2032"}],"wp:attachment":[{"href":"https:\/\/costiproject.net\/ca\/wp-json\/wp\/v2\/media?parent=1330"}],"curies":[{"name":"wp","href":"https:\/\/api.w.org\/{rel}","templated":true}]}}