{"id":1356,"date":"2026-02-26T00:58:03","date_gmt":"2026-02-26T00:58:03","guid":{"rendered":"https:\/\/costiproject.net\/project\/"},"modified":"2026-05-05T08:39:08","modified_gmt":"2026-05-05T08:39:08","slug":"project","status":"publish","type":"page","link":"https:\/\/costiproject.net\/ca\/project\/","title":{"rendered":"Projecte"},"content":{"rendered":"\t\t<div data-elementor-type=\"wp-page\" data-elementor-id=\"1356\" class=\"elementor elementor-1356 elementor-155\">\n\t\t\t\t<div class=\"aux-parallax-section elementor-element elementor-element-3e060c3 e-con-full e-flex e-con e-parent\" data-id=\"3e060c3\" data-element_type=\"container\" data-e-type=\"container\">\n\t\t<div class=\"elementor-element elementor-element-022fd25 e-con-full e-flex e-con e-child\" data-id=\"022fd25\" data-element_type=\"container\" data-e-type=\"container\" data-settings=\"{&quot;background_background&quot;:&quot;classic&quot;}\">\n\t\t\t\t<div class=\"elementor-element elementor-element-540201d elementor-widget elementor-widget-image\" data-id=\"540201d\" data-element_type=\"widget\" data-e-type=\"widget\" data-widget_type=\"image.default\">\n\t\t\t\t\t\t\t\t\t\t\t\t\t\t\t<img decoding=\"async\" width=\"150\" height=\"150\" src=\"https:\/\/costiproject.net\/wp-content\/uploads\/2026\/03\/orla.png\" class=\"attachment-full size-full wp-image-537\" alt=\"\" \/>\t\t\t\t\t\t\t\t\t\t\t\t\t\t\t<\/div>\n\t\t\t\t<div class=\"elementor-element elementor-element-9f1f797 elementor-widget elementor-widget-heading\" data-id=\"9f1f797\" data-element_type=\"widget\" data-e-type=\"widget\" data-widget_type=\"heading.default\">\n\t\t\t\t\t<h2 class=\"elementor-heading-title elementor-size-default\">Projecte<\/h2>\t\t\t\t<\/div>\n\t\t\t\t<\/div>\n\t\t\t\t<\/div>\n\t\t<div class=\"aux-parallax-section elementor-element elementor-element-ed24d34 e-flex e-con-boxed e-con e-parent\" data-id=\"ed24d34\" data-element_type=\"container\" data-e-type=\"container\" id=\"overview\">\n\t\t\t\t\t<div class=\"e-con-inner\">\n\t\t<div class=\"elementor-element elementor-element-9172524 e-con-full e-flex e-con e-child\" data-id=\"9172524\" data-element_type=\"container\" data-e-type=\"container\" data-settings=\"{&quot;background_background&quot;:&quot;classic&quot;}\">\n\t\t\t\t<div class=\"elementor-element elementor-element-d96ccab elementor-widget elementor-widget-aux_modern_heading\" data-id=\"d96ccab\" data-element_type=\"widget\" data-e-type=\"widget\" data-widget_type=\"aux_modern_heading.default\">\n\t\t\t\t\t<section class=\"aux-widget-modern-heading\">\n            <div class=\"aux-widget-inner\"><h3 class=\"aux-modern-heading-primary\">Visi\u00f3 general <\/h3><div class=\"aux-modern-heading-description\"><p class=\"western\" lang=\"en-GB\" align=\"justify\"><span lang=\"ca-ES\">Els reptes globals per promoure una educaci\u00f3 universit\u00e0ria lliure de discriminaci\u00f3 estan en augment. Una part significativa de la comunitat estudiantil s\u2019enfronta a diferents formes de discriminaci\u00f3 basades en la classe social, g\u00e8nere, preced\u00e8ncia, edat o ocupaci\u00f3, sovint sense que es reconeguin els seus drets. Tot i que les universitats europees han fet aven\u00e7os significatius en la prevenci\u00f3 de la viol\u00e8ncia de g\u00e8nere contra les dones i la comunitat LGTBIQA+, encara no han abordat la discriminaci\u00f3 envers l\u2019alumnat vinculat a la ind\u00fastria del sexe.<\/span><\/p><p class=\"western\" lang=\"en-GB\" align=\"justify\"><span lang=\"ca-ES\">Aquesta q\u00fcesti\u00f3 \u00e9s cada vegada m\u00e9s rellevant, ja que un nombre creixent de l\u2019alumnat recorre al treball sexual a causa de l\u2019augment de les taxes universit\u00e0ries i del cost de la vida. Per a algunes persones, el treball sexual ofereix una alternativa m\u00e9s flexible i millor remunerada, per\u00f2 no exempta de conseq\u00fc\u00e8ncies. L\u2019estigma que envolta aquesta activitat fa que moltes d\u2019elles la mantinguin en secret per por al judici o a possibles repercussions per part d\u2019altres persones de l\u2019entorn acad\u00e8mic. En nombroses ocasions, de fet, l\u2019alumnat vinculat a la ind\u00fastria del sexe que va fer p\u00fablica la seva ocupaci\u00f3 va patir sancions o expulsions a causa de cl\u00e0usules de moralitat.<\/span><\/p><p class=\"western\" lang=\"en-GB\" align=\"justify\"><span lang=\"ca-ES\">Situat a la intersecci\u00f3 entre els processos d\u2019estigmatitzaci\u00f3, el treball sexual, l\u2019educaci\u00f3 i la transformaci\u00f3 social, COSTI \u00e9s un projecte pioner de recerca-acci\u00f3.<\/span><\/p><\/div><\/div>\n        <\/section>\t\t\t\t<\/div>\n\t\t\t\t<\/div>\n\t\t\t\t\t<\/div>\n\t\t\t\t<\/div>\n\t\t<div class=\"aux-parallax-section elementor-element elementor-element-03ebf8b e-flex e-con-boxed e-con e-parent\" data-id=\"03ebf8b\" data-element_type=\"container\" data-e-type=\"container\" id=\"research\" data-settings=\"{&quot;background_background&quot;:&quot;classic&quot;}\">\n\t\t\t\t\t<div class=\"e-con-inner\">\n\t\t<div class=\"elementor-element elementor-element-d85a80f e-con-full e-flex e-con e-child\" data-id=\"d85a80f\" data-element_type=\"container\" data-e-type=\"container\">\n\t\t\t\t<div class=\"elementor-element elementor-element-ee0e97a elementor-widget elementor-widget-aux_modern_heading\" data-id=\"ee0e97a\" data-element_type=\"widget\" data-e-type=\"widget\" data-widget_type=\"aux_modern_heading.default\">\n\t\t\t\t\t<section class=\"aux-widget-modern-heading\">\n            <div class=\"aux-widget-inner\"><h3 class=\"aux-modern-heading-primary\">Objectius de recerca<\/h3><div class=\"aux-modern-heading-description\"><p class=\"western\" lang=\"en-GB\" align=\"justify\"><span lang=\"ca-ES\">L\u2019objectiu principal de recerca de COSTI \u00e9s analitzar, mitjan\u00e7ant una metodologia participativa, el fenomen emergent \u2014encara poc investigat\u2014 del treball sexual estudiantil, tot centrant-se en els mecanismes d\u2019estigmatitzaci\u00f3 que operen a les universitats, amb la finalitat de refor\u00e7ar la inclusi\u00f3 social de l\u2019alumnat que exerceix el treball sexual. Els objectius espec\u00edfics s\u00f3n:<\/span><\/p>\n<p class=\"western\" lang=\"en-GB\" align=\"justify\">\u2022 Mapar el fenomen del treball sexual a Europa a trav\u00e9s d\u2019una revisi\u00f3 exhaustiva de la literatura. Aix\u00f2 constituir\u00e0 la base per generar els primers resultats sobre el treball sexual estudiantil a Espanya i It\u00e0lia.<\/p>\n\n<p class=\"western\" lang=\"en-GB\" align=\"justify\">\u2022 Comprendre, des d\u2019una perspectiva interseccional, les motivacions que porten algunes persones que freq\u00fcenten les universitats a incorporar-se a la ind\u00fastria del sexe, aix\u00ed com els factors socials i pol\u00edtics que generen l\u2019estigma institucional envers aquestes persones a Espanya i It\u00e0lia.<\/p>\n\n<p class=\"western\" lang=\"en-GB\" align=\"justify\">\u2022 Identificar, conjuntament amb professionals i persones expertes en estigma institucional cap a les persones que exerceixen el treball sexual, les necessitats de l\u2019alumnat que exerceix treball sexual a Espanya i It\u00e0lia.<\/p>\n\n<p class=\"western\" lang=\"en-GB\" align=\"justify\">\u2022 Crear, juntament amb el alumnat que exerceix el treball sexual, recomanacions orientades a prevenir la discriminaci\u00f3 dins de la comunitat universit\u00e0ria, mitjan\u00e7ant l\u2019augment de la sensibilitzaci\u00f3 sobre el treball sexual estudiantil tant a l\u2019\u00e0mbit universitari com a la societat en general.<\/p><\/div><\/div>\n        <\/section>\t\t\t\t<\/div>\n\t\t\t\t<\/div>\n\t\t\t\t\t<\/div>\n\t\t\t\t<\/div>\n\t\t<div class=\"aux-parallax-section elementor-element elementor-element-32dc2dd e-flex e-con-boxed e-con e-parent\" data-id=\"32dc2dd\" data-element_type=\"container\" data-e-type=\"container\" id=\"methodology\">\n\t\t\t\t\t<div class=\"e-con-inner\">\n\t\t<div class=\"elementor-element elementor-element-01b76d1 e-con-full e-flex e-con e-child\" data-id=\"01b76d1\" data-element_type=\"container\" data-e-type=\"container\">\n\t\t\t\t<div class=\"elementor-element elementor-element-2ba9613 elementor-widget elementor-widget-aux_modern_heading\" data-id=\"2ba9613\" data-element_type=\"widget\" data-e-type=\"widget\" data-widget_type=\"aux_modern_heading.default\">\n\t\t\t\t\t<section class=\"aux-widget-modern-heading\">\n            <div class=\"aux-widget-inner\"><h3 class=\"aux-modern-heading-primary\">Metodologia<\/h3><div class=\"aux-modern-heading-description\"><p class=\"western\" lang=\"en-GB\" align=\"justify\"><span lang=\"ca-ES\">COSTI es basa en una etnografia multisituada realitzada en universitats del sud d\u2019Europa, espec\u00edficament a Barcelona, Madrid, Roma i Bolonya. El projecte combina recerca etnogr\u00e0fica, m\u00e8todes quantitatius i recerca-acci\u00f3. Inclou q\u00fcestionaris an\u00f2nims en l\u00ednia adre\u00e7ats a l\u2019alumnat i al personal acad\u00e8mic, entrevistes en profunditat i grups focals amb l\u2019alumnat que exerceix el treball sexual, aix\u00ed com la cocreaci\u00f3 d\u2019un informe amb recomanacions.<\/span><\/p><\/div><\/div>\n        <\/section>\t\t\t\t<\/div>\n\t\t\t\t<\/div>\n\t\t\t\t\t<\/div>\n\t\t\t\t<\/div>\n\t\t\t\t<\/div>\n\t\t","protected":false},"excerpt":{"rendered":"<p>Projecte Visi\u00f3 general Els reptes globals per promoure una educaci\u00f3 universit\u00e0ria lliure de discriminaci\u00f3 estan en augment. Una part significativa de la comunitat estudiantil s\u2019enfronta a diferents formes de discriminaci\u00f3 basades en la classe social, g\u00e8nere, preced\u00e8ncia, edat o ocupaci\u00f3, sovint sense que es reconeguin els seus drets. Tot i que les universitats europees han [&hellip;]<\/p>\n","protected":false},"author":1,"featured_media":0,"parent":0,"menu_order":0,"comment_status":"closed","ping_status":"closed","template":"elementor_header_footer","meta":{"footnotes":""},"class_list":["post-1356","page","type-page","status-publish","hentry"],"_links":{"self":[{"href":"https:\/\/costiproject.net\/ca\/wp-json\/wp\/v2\/pages\/1356","targetHints":{"allow":["GET"]}}],"collection":[{"href":"https:\/\/costiproject.net\/ca\/wp-json\/wp\/v2\/pages"}],"about":[{"href":"https:\/\/costiproject.net\/ca\/wp-json\/wp\/v2\/types\/page"}],"author":[{"embeddable":true,"href":"https:\/\/costiproject.net\/ca\/wp-json\/wp\/v2\/users\/1"}],"replies":[{"embeddable":true,"href":"https:\/\/costiproject.net\/ca\/wp-json\/wp\/v2\/comments?post=1356"}],"version-history":[{"count":31,"href":"https:\/\/costiproject.net\/ca\/wp-json\/wp\/v2\/pages\/1356\/revisions"}],"predecessor-version":[{"id":2038,"href":"https:\/\/costiproject.net\/ca\/wp-json\/wp\/v2\/pages\/1356\/revisions\/2038"}],"wp:attachment":[{"href":"https:\/\/costiproject.net\/ca\/wp-json\/wp\/v2\/media?parent=1356"}],"curies":[{"name":"wp","href":"https:\/\/api.w.org\/{rel}","templated":true}]}}