{"id":1362,"date":"2026-03-07T20:41:25","date_gmt":"2026-03-07T20:41:25","guid":{"rendered":"https:\/\/costiproject.net\/activities\/"},"modified":"2026-04-14T17:42:30","modified_gmt":"2026-04-14T17:42:30","slug":"activities","status":"publish","type":"page","link":"https:\/\/costiproject.net\/ca\/activities\/","title":{"rendered":"Activitats"},"content":{"rendered":"\t\t<div data-elementor-type=\"wp-page\" data-elementor-id=\"1362\" class=\"elementor elementor-1362 elementor-346\">\n\t\t\t\t<div class=\"aux-parallax-section elementor-element elementor-element-3e060c3 e-con-full e-flex e-con e-parent\" data-id=\"3e060c3\" data-element_type=\"container\" data-e-type=\"container\" data-settings=\"{&quot;background_background&quot;:&quot;classic&quot;}\">\n\t\t<div class=\"elementor-element elementor-element-022fd25 e-con-full e-flex e-con e-child\" data-id=\"022fd25\" data-element_type=\"container\" data-e-type=\"container\" data-settings=\"{&quot;background_background&quot;:&quot;classic&quot;}\">\n\t\t\t\t<div class=\"elementor-element elementor-element-540201d elementor-widget elementor-widget-image\" data-id=\"540201d\" data-element_type=\"widget\" data-e-type=\"widget\" data-widget_type=\"image.default\">\n\t\t\t\t\t\t\t\t\t\t\t\t\t\t\t<img decoding=\"async\" src=\"https:\/\/costiproject.net\/wp-content\/uploads\/elementor\/thumbs\/boli-rjp6zyx04yarnd6f80z4gx71cxt5u5qe37jl6nsi38.png\" title=\"boli\" alt=\"boli\" loading=\"lazy\" \/>\t\t\t\t\t\t\t\t\t\t\t\t\t\t\t<\/div>\n\t\t\t\t<div class=\"elementor-element elementor-element-9f1f797 elementor-widget elementor-widget-heading\" data-id=\"9f1f797\" data-element_type=\"widget\" data-e-type=\"widget\" data-widget_type=\"heading.default\">\n\t\t\t\t\t<h2 class=\"elementor-heading-title elementor-size-default\">Activitats<\/h2>\t\t\t\t<\/div>\n\t\t\t\t<\/div>\n\t\t\t\t<\/div>\n\t\t<div class=\"aux-parallax-section elementor-element elementor-element-ed24d34 e-flex e-con-boxed e-con e-parent\" data-id=\"ed24d34\" data-element_type=\"container\" data-e-type=\"container\" id=\"overview\">\n\t\t\t\t\t<div class=\"e-con-inner\">\n\t\t<div class=\"elementor-element elementor-element-9172524 e-con-full e-flex e-con e-child\" data-id=\"9172524\" data-element_type=\"container\" data-e-type=\"container\">\n\t\t\t\t<div class=\"elementor-element elementor-element-ee0e97a elementor-widget elementor-widget-aux_modern_heading\" data-id=\"ee0e97a\" data-element_type=\"widget\" data-e-type=\"widget\" data-widget_type=\"aux_modern_heading.default\">\n\t\t\t\t\t<section class=\"aux-widget-modern-heading\">\n            <div class=\"aux-widget-inner\"><h3 class=\"aux-modern-heading-primary\">Congressos <\/h3><\/div>\n        <\/section>\t\t\t\t<\/div>\n\t\t\t\t<div class=\"elementor-element elementor-element-a6d9cf8 elementor-widget elementor-widget-n-accordion\" data-id=\"a6d9cf8\" data-element_type=\"widget\" data-e-type=\"widget\" data-settings=\"{&quot;default_state&quot;:&quot;all_collapsed&quot;,&quot;max_items_expended&quot;:&quot;one&quot;,&quot;n_accordion_animation_duration&quot;:{&quot;unit&quot;:&quot;ms&quot;,&quot;size&quot;:400,&quot;sizes&quot;:[]}}\" data-widget_type=\"nested-accordion.default\">\n\t\t\t\t\t\t\t<div class=\"e-n-accordion\" aria-label=\"Accordion. Open links with Enter or Space, close with Escape, and navigate with Arrow Keys\">\n\t\t\t\t\t\t<details id=\"e-n-accordion-item-1740\" class=\"e-n-accordion-item\" >\n\t\t\t\t<summary class=\"e-n-accordion-item-title\" data-accordion-index=\"1\" tabindex=\"0\" aria-expanded=\"false\" aria-controls=\"e-n-accordion-item-1740\" >\n\t\t\t\t\t<span class='e-n-accordion-item-title-header'><div class=\"e-n-accordion-item-title-text\"> 2028 <\/div><\/span>\n\t\t\t\t\t\t\t\t\t<\/summary>\n\t\t\t\t<div role=\"region\" aria-labelledby=\"e-n-accordion-item-1740\" class=\"elementor-element elementor-element-8d5f77f e-con-full e-flex e-con e-child\" data-id=\"8d5f77f\" data-element_type=\"container\" data-e-type=\"container\">\n\t\t<div role=\"region\" aria-labelledby=\"e-n-accordion-item-1740\" class=\"elementor-element elementor-element-174c2eb e-con-full e-flex e-con e-child\" data-id=\"174c2eb\" data-element_type=\"container\" data-e-type=\"container\">\n\t\t\t\t<\/div>\n\t\t\t\t<\/div>\n\t\t\t\t\t<\/details>\n\t\t\t\t\t\t<details id=\"e-n-accordion-item-1741\" class=\"e-n-accordion-item\" >\n\t\t\t\t<summary class=\"e-n-accordion-item-title\" data-accordion-index=\"2\" tabindex=\"-1\" aria-expanded=\"false\" aria-controls=\"e-n-accordion-item-1741\" >\n\t\t\t\t\t<span class='e-n-accordion-item-title-header'><div class=\"e-n-accordion-item-title-text\"> 2027 <\/div><\/span>\n\t\t\t\t\t\t\t\t\t<\/summary>\n\t\t\t\t<div role=\"region\" aria-labelledby=\"e-n-accordion-item-1741\" class=\"elementor-element elementor-element-a93cb8c e-con-full e-flex e-con e-child\" data-id=\"a93cb8c\" data-element_type=\"container\" data-e-type=\"container\">\n\t\t<div role=\"region\" aria-labelledby=\"e-n-accordion-item-1741\" class=\"elementor-element elementor-element-1dad336 e-con-full e-flex e-con e-child\" data-id=\"1dad336\" data-element_type=\"container\" data-e-type=\"container\">\n\t\t\t\t<\/div>\n\t\t\t\t<\/div>\n\t\t\t\t\t<\/details>\n\t\t\t\t\t\t<details id=\"e-n-accordion-item-1742\" class=\"e-n-accordion-item\" >\n\t\t\t\t<summary class=\"e-n-accordion-item-title\" data-accordion-index=\"3\" tabindex=\"-1\" aria-expanded=\"false\" aria-controls=\"e-n-accordion-item-1742\" >\n\t\t\t\t\t<span class='e-n-accordion-item-title-header'><div class=\"e-n-accordion-item-title-text\"> 2026 <\/div><\/span>\n\t\t\t\t\t\t\t\t\t<\/summary>\n\t\t\t\t<div role=\"region\" aria-labelledby=\"e-n-accordion-item-1742\" class=\"elementor-element elementor-element-1d219c6 e-con-full e-flex e-con e-child\" data-id=\"1d219c6\" data-element_type=\"container\" data-e-type=\"container\">\n\t\t<div role=\"region\" aria-labelledby=\"e-n-accordion-item-1742\" class=\"elementor-element elementor-element-99490d9 e-flex e-con-boxed e-con e-child\" data-id=\"99490d9\" data-element_type=\"container\" data-e-type=\"container\">\n\t\t\t\t\t<div class=\"e-con-inner\">\n\t\t\t\t<div class=\"elementor-element elementor-element-f0a4414 elementor-widget elementor-widget-text-editor\" data-id=\"f0a4414\" data-element_type=\"widget\" data-e-type=\"widget\" data-widget_type=\"text-editor.default\">\n\t\t\t\t\t\t\t\t\t<p class=\"western\" lang=\"en-GB\" align=\"justify\"><span lang=\"it-IT\"><b>Congr\u00e9s Catal\u00e0 d\u2019Antropologia (CoCA)<\/b><\/span><span lang=\"it-IT\"> \u2013 Confer\u00e8ncia biennal (Barcelona, 29\u201330 de gener de 2026). Organitzaci\u00f3 (amb Olga Jubany i Marta Ausona) del panell S29 \u00abPensar i encarnar els desitjos des d\u2019una perspectiva antropol\u00f2gica: relacions, contradiccions i utopies\u00bb.<\/span><span lang=\"en-US\">\u00a0<\/span><span lang=\"en-US\"><a href=\"https:\/\/coca.antropologia.cat\/\" target=\"_blank\" rel=\"noopener\">Programa del CoCA<\/a> [CAT]<\/span><\/p>\t\t\t\t\t\t\t\t<\/div>\n\t\t\t\t\t<\/div>\n\t\t\t\t<\/div>\n\t\t\t\t<\/div>\n\t\t\t\t\t<\/details>\n\t\t\t\t\t\t<details id=\"e-n-accordion-item-1743\" class=\"e-n-accordion-item\" >\n\t\t\t\t<summary class=\"e-n-accordion-item-title\" data-accordion-index=\"4\" tabindex=\"-1\" aria-expanded=\"false\" aria-controls=\"e-n-accordion-item-1743\" >\n\t\t\t\t\t<span class='e-n-accordion-item-title-header'><div class=\"e-n-accordion-item-title-text\"> 2025 <\/div><\/span>\n\t\t\t\t\t\t\t\t\t<\/summary>\n\t\t\t\t<div role=\"region\" aria-labelledby=\"e-n-accordion-item-1743\" class=\"elementor-element elementor-element-2a10052 e-flex e-con-boxed e-con e-child\" data-id=\"2a10052\" data-element_type=\"container\" data-e-type=\"container\">\n\t\t\t\t\t<div class=\"e-con-inner\">\n\t\t<div role=\"region\" aria-labelledby=\"e-n-accordion-item-1743\" class=\"elementor-element elementor-element-0cac61b e-con-full e-flex e-con e-child\" data-id=\"0cac61b\" data-element_type=\"container\" data-e-type=\"container\">\n\t\t\t\t<div class=\"elementor-element elementor-element-6370834 elementor-widget elementor-widget-text-editor\" data-id=\"6370834\" data-element_type=\"widget\" data-e-type=\"widget\" data-widget_type=\"text-editor.default\">\n\t\t\t\t\t\t\t\t\t<p class=\"western\" lang=\"en-GB\" align=\"justify\"><span lang=\"ca-ES\"><b>ASAEE (Associaci\u00f3 Espanyola d\u2019Antropologia)<\/b><\/span><span lang=\"ca-ES\"> \u2013 Congr\u00e9s biennal (Tenerife, 2-5 de setembre 2025). Presentaci\u00f3 del treball \u201cEntre la teoria i l\u2019acci\u00f3: reptes metodol\u00f2gics en la recerca feminista aplicada\u201d (autora \u00fanica) dins del panell S17 \u201cAntropologia des de i dins de les trinxeres: pr\u00e0ctica antropol\u00f2gica orientada a la intervenci\u00f3 social i a les pol\u00edtiques p\u00fabliques\u201d,\u00a0<\/span><a href=\"https:\/\/asaee-antropologia.org\/congresos\/xvii-congreso-antropologia-2025\/\" target=\"_blank\" rel=\"noopener\"><span lang=\"en-US\">programa ASAEE<\/span><\/a><span lang=\"en-US\"> [ESP].<\/span><\/p>\t\t\t\t\t\t\t\t<\/div>\n\t\t\t\t<\/div>\n\t\t\t\t\t<\/div>\n\t\t\t\t<\/div>\n\t\t\t\t\t<\/details>\n\t\t\t\t\t<\/div>\n\t\t\t\t\t\t<\/div>\n\t\t\t\t<\/div>\n\t\t\t\t\t<\/div>\n\t\t\t\t<\/div>\n\t\t<div class=\"aux-parallax-section elementor-element elementor-element-4787ad2 e-flex e-con-boxed e-con e-parent\" data-id=\"4787ad2\" data-element_type=\"container\" data-e-type=\"container\">\n\t\t\t\t\t<div class=\"e-con-inner\">\n\t\t<div class=\"elementor-element elementor-element-7ff141a e-con-full e-flex e-con e-child\" data-id=\"7ff141a\" data-element_type=\"container\" data-e-type=\"container\">\n\t\t\t\t<div class=\"elementor-element elementor-element-a27b7af elementor-widget elementor-widget-aux_modern_heading\" data-id=\"a27b7af\" data-element_type=\"widget\" data-e-type=\"widget\" data-widget_type=\"aux_modern_heading.default\">\n\t\t\t\t\t<section class=\"aux-widget-modern-heading\">\n            <div class=\"aux-widget-inner\"><h3 class=\"aux-modern-heading-primary\">Activitats de divulgaci\u00f3<\/h3><\/div>\n        <\/section>\t\t\t\t<\/div>\n\t\t\t\t<div class=\"elementor-element elementor-element-0d95a70 elementor-widget elementor-widget-n-accordion\" data-id=\"0d95a70\" data-element_type=\"widget\" data-e-type=\"widget\" data-settings=\"{&quot;default_state&quot;:&quot;all_collapsed&quot;,&quot;max_items_expended&quot;:&quot;one&quot;,&quot;n_accordion_animation_duration&quot;:{&quot;unit&quot;:&quot;ms&quot;,&quot;size&quot;:400,&quot;sizes&quot;:[]}}\" data-widget_type=\"nested-accordion.default\">\n\t\t\t\t\t\t\t<div class=\"e-n-accordion\" aria-label=\"Accordion. Open links with Enter or Space, close with Escape, and navigate with Arrow Keys\">\n\t\t\t\t\t\t<details id=\"e-n-accordion-item-1420\" class=\"e-n-accordion-item\" >\n\t\t\t\t<summary class=\"e-n-accordion-item-title\" data-accordion-index=\"1\" tabindex=\"0\" aria-expanded=\"false\" aria-controls=\"e-n-accordion-item-1420\" >\n\t\t\t\t\t<span class='e-n-accordion-item-title-header'><div class=\"e-n-accordion-item-title-text\"> 2028 <\/div><\/span>\n\t\t\t\t\t\t\t\t\t<\/summary>\n\t\t\t\t<div role=\"region\" aria-labelledby=\"e-n-accordion-item-1420\" class=\"elementor-element elementor-element-e22b123 e-con-full e-flex e-con e-child\" data-id=\"e22b123\" data-element_type=\"container\" data-e-type=\"container\">\n\t\t<div role=\"region\" aria-labelledby=\"e-n-accordion-item-1420\" class=\"elementor-element elementor-element-424fb47 e-con-full e-flex e-con e-child\" data-id=\"424fb47\" data-element_type=\"container\" data-e-type=\"container\">\n\t\t\t\t<\/div>\n\t\t\t\t<\/div>\n\t\t\t\t\t<\/details>\n\t\t\t\t\t\t<details id=\"e-n-accordion-item-1421\" class=\"e-n-accordion-item\" >\n\t\t\t\t<summary class=\"e-n-accordion-item-title\" data-accordion-index=\"2\" tabindex=\"-1\" aria-expanded=\"false\" aria-controls=\"e-n-accordion-item-1421\" >\n\t\t\t\t\t<span class='e-n-accordion-item-title-header'><div class=\"e-n-accordion-item-title-text\"> 2027 <\/div><\/span>\n\t\t\t\t\t\t\t\t\t<\/summary>\n\t\t\t\t<div role=\"region\" aria-labelledby=\"e-n-accordion-item-1421\" class=\"elementor-element elementor-element-b69e652 e-con-full e-flex e-con e-child\" data-id=\"b69e652\" data-element_type=\"container\" data-e-type=\"container\">\n\t\t<div role=\"region\" aria-labelledby=\"e-n-accordion-item-1421\" class=\"elementor-element elementor-element-d77172c e-con-full e-flex e-con e-child\" data-id=\"d77172c\" data-element_type=\"container\" data-e-type=\"container\">\n\t\t\t\t<\/div>\n\t\t\t\t<\/div>\n\t\t\t\t\t<\/details>\n\t\t\t\t\t\t<details id=\"e-n-accordion-item-1422\" class=\"e-n-accordion-item\" >\n\t\t\t\t<summary class=\"e-n-accordion-item-title\" data-accordion-index=\"3\" tabindex=\"-1\" aria-expanded=\"false\" aria-controls=\"e-n-accordion-item-1422\" >\n\t\t\t\t\t<span class='e-n-accordion-item-title-header'><div class=\"e-n-accordion-item-title-text\"> 2026 <\/div><\/span>\n\t\t\t\t\t\t\t\t\t<\/summary>\n\t\t\t\t<div role=\"region\" aria-labelledby=\"e-n-accordion-item-1422\" class=\"elementor-element elementor-element-0ca1f12 e-con-full e-flex e-con e-child\" data-id=\"0ca1f12\" data-element_type=\"container\" data-e-type=\"container\">\n\t\t<div role=\"region\" aria-labelledby=\"e-n-accordion-item-1422\" class=\"elementor-element elementor-element-7748ff6 e-flex e-con-boxed e-con e-child\" data-id=\"7748ff6\" data-element_type=\"container\" data-e-type=\"container\">\n\t\t\t\t\t<div class=\"e-con-inner\">\n\t\t\t\t\t<\/div>\n\t\t\t\t<\/div>\n\t\t\t\t<\/div>\n\t\t\t\t\t<\/details>\n\t\t\t\t\t<\/div>\n\t\t\t\t\t\t<\/div>\n\t\t\t\t<\/div>\n\t\t\t\t\t<\/div>\n\t\t\t\t<\/div>\n\t\t\t\t<\/div>\n\t\t","protected":false},"excerpt":{"rendered":"<p>Activitats Congressos 2028 2027 2026 Congr\u00e9s Catal\u00e0 d\u2019Antropologia (CoCA) \u2013 Confer\u00e8ncia biennal (Barcelona, 29\u201330 de gener de 2026). Organitzaci\u00f3 (amb Olga Jubany i Marta Ausona) del panell S29 \u00abPensar i encarnar els desitjos des d\u2019una perspectiva antropol\u00f2gica: relacions, contradiccions i utopies\u00bb.\u00a0Programa del CoCA [CAT] 2025 ASAEE (Associaci\u00f3 Espanyola d\u2019Antropologia) \u2013 Congr\u00e9s biennal (Tenerife, 2-5 de [&hellip;]<\/p>\n","protected":false},"author":1,"featured_media":0,"parent":0,"menu_order":0,"comment_status":"closed","ping_status":"closed","template":"elementor_header_footer","meta":{"footnotes":""},"class_list":["post-1362","page","type-page","status-publish","hentry"],"_links":{"self":[{"href":"https:\/\/costiproject.net\/ca\/wp-json\/wp\/v2\/pages\/1362","targetHints":{"allow":["GET"]}}],"collection":[{"href":"https:\/\/costiproject.net\/ca\/wp-json\/wp\/v2\/pages"}],"about":[{"href":"https:\/\/costiproject.net\/ca\/wp-json\/wp\/v2\/types\/page"}],"author":[{"embeddable":true,"href":"https:\/\/costiproject.net\/ca\/wp-json\/wp\/v2\/users\/1"}],"replies":[{"embeddable":true,"href":"https:\/\/costiproject.net\/ca\/wp-json\/wp\/v2\/comments?post=1362"}],"version-history":[{"count":17,"href":"https:\/\/costiproject.net\/ca\/wp-json\/wp\/v2\/pages\/1362\/revisions"}],"predecessor-version":[{"id":1940,"href":"https:\/\/costiproject.net\/ca\/wp-json\/wp\/v2\/pages\/1362\/revisions\/1940"}],"wp:attachment":[{"href":"https:\/\/costiproject.net\/ca\/wp-json\/wp\/v2\/media?parent=1362"}],"curies":[{"name":"wp","href":"https:\/\/api.w.org\/{rel}","templated":true}]}}