{"id":1368,"date":"2026-03-04T07:42:56","date_gmt":"2026-03-04T07:42:56","guid":{"rendered":"https:\/\/costiproject.net\/team\/"},"modified":"2026-05-05T08:37:46","modified_gmt":"2026-05-05T08:37:46","slug":"team","status":"publish","type":"page","link":"https:\/\/costiproject.net\/ca\/team\/","title":{"rendered":"Equip"},"content":{"rendered":"\t\t<div data-elementor-type=\"wp-page\" data-elementor-id=\"1368\" class=\"elementor elementor-1368 elementor-188\">\n\t\t\t\t<div class=\"aux-parallax-section elementor-element elementor-element-3e060c3 e-con-full e-flex e-con e-parent\" data-id=\"3e060c3\" data-element_type=\"container\" data-e-type=\"container\">\n\t\t<div class=\"elementor-element elementor-element-022fd25 e-con-full e-flex e-con e-child\" data-id=\"022fd25\" data-element_type=\"container\" data-e-type=\"container\" data-settings=\"{&quot;background_background&quot;:&quot;classic&quot;}\">\n\t\t\t\t<div class=\"elementor-element elementor-element-540201d elementor-widget elementor-widget-image\" data-id=\"540201d\" data-element_type=\"widget\" data-e-type=\"widget\" data-widget_type=\"image.default\">\n\t\t\t\t\t\t\t\t\t\t\t\t\t\t\t<img decoding=\"async\" width=\"150\" height=\"150\" src=\"https:\/\/costiproject.net\/wp-content\/uploads\/2026\/03\/gafas.png\" class=\"attachment-full size-full wp-image-715\" alt=\"\" \/>\t\t\t\t\t\t\t\t\t\t\t\t\t\t\t<\/div>\n\t\t\t\t<div class=\"elementor-element elementor-element-9f1f797 elementor-widget elementor-widget-heading\" data-id=\"9f1f797\" data-element_type=\"widget\" data-e-type=\"widget\" data-widget_type=\"heading.default\">\n\t\t\t\t\t<h2 class=\"elementor-heading-title elementor-size-default\">Equip<\/h2>\t\t\t\t<\/div>\n\t\t\t\t<\/div>\n\t\t\t\t<\/div>\n\t\t<div class=\"aux-parallax-section elementor-element elementor-element-c9485f3 e-flex e-con-boxed e-con e-parent\" data-id=\"c9485f3\" data-element_type=\"container\" data-e-type=\"container\">\n\t\t\t\t\t<div class=\"e-con-inner\">\n\t\t<div class=\"elementor-element elementor-element-31dd3b7 e-con-full e-flex e-con e-child\" data-id=\"31dd3b7\" data-element_type=\"container\" data-e-type=\"container\">\n\t\t\t\t<div class=\"elementor-element elementor-element-06fb1f8 elementor-widget elementor-widget-aux_modern_heading\" data-id=\"06fb1f8\" data-element_type=\"widget\" data-e-type=\"widget\" data-widget_type=\"aux_modern_heading.default\">\n\t\t\t\t\t<section class=\"aux-widget-modern-heading\">\n            <div class=\"aux-widget-inner\"><h3 class=\"aux-modern-heading-primary\">Livia Motterle  <\/h3><h4 class=\"aux-modern-heading-secondary\"><span class=\"aux-head-highlight\">Investigadora Principal<\/span><\/h4><div class=\"aux-modern-heading-description\"><p class=\"western\" lang=\"en-GB\" align=\"justify\"><span lang=\"es-MX\">I<\/span><span lang=\"es-MX\">nvestigadora postdoctoral Marie Sk\u0142odowska-Curie a la Universitat Rovira i Virgili (Tarragona), en col\u00b7laboraci\u00f3 amb el Centre de Recerca i Estudis de G\u00e8nere de la Universitat Nacional Aut\u00f2noma de M\u00e8xic. La seva recerca se centra en el g\u00e8nere i la sexualitat; l\u2019exclusi\u00f3 social i la diversitat sexual i de g\u00e8nere; els feminismes i els moviments socials; l\u2019espai p\u00fablic i el control social; les pol\u00edtiques p\u00fabliques i la joventut. T\u00e9 una \u00e0mplia experi\u00e8ncia en recerca postdoctoral, doc\u00e8ncia universit\u00e0ria i participaci\u00f3 en projectes de recerca nacionals i internacionals.<\/span><\/p><\/div><\/div>\n        <\/section>\t\t\t\t<\/div>\n\t\t\t\t<\/div>\n\t\t<div class=\"elementor-element elementor-element-26d5ec8 e-con-full e-flex e-con e-child\" data-id=\"26d5ec8\" data-element_type=\"container\" data-e-type=\"container\">\n\t\t\t\t<div class=\"elementor-element elementor-element-58ad06a elementor-widget elementor-widget-image\" data-id=\"58ad06a\" data-element_type=\"widget\" data-e-type=\"widget\" data-widget_type=\"image.default\">\n\t\t\t\t\t\t\t\t\t\t\t\t\t\t\t<img fetchpriority=\"high\" decoding=\"async\" width=\"1080\" height=\"1080\" src=\"https:\/\/costiproject.net\/wp-content\/uploads\/2026\/03\/Livia-Motterle.webp\" class=\"attachment-full size-full wp-image-197\" alt=\"Livia Motterle\" srcset=\"https:\/\/costiproject.net\/wp-content\/uploads\/2026\/03\/Livia-Motterle.webp 1080w, https:\/\/costiproject.net\/wp-content\/uploads\/2026\/03\/Livia-Motterle-300x300.webp 300w, https:\/\/costiproject.net\/wp-content\/uploads\/2026\/03\/Livia-Motterle-1024x1024.webp 1024w, https:\/\/costiproject.net\/wp-content\/uploads\/2026\/03\/Livia-Motterle-150x150.webp 150w, https:\/\/costiproject.net\/wp-content\/uploads\/2026\/03\/Livia-Motterle-768x768.webp 768w\" sizes=\"(max-width: 1080px) 100vw, 1080px\" \/>\t\t\t\t\t\t\t\t\t\t\t\t\t\t\t<\/div>\n\t\t\t\t<\/div>\n\t\t\t\t\t<\/div>\n\t\t\t\t<\/div>\n\t\t<div class=\"aux-parallax-section elementor-element elementor-element-2579e03 e-flex e-con-boxed e-con e-parent\" data-id=\"2579e03\" data-element_type=\"container\" data-e-type=\"container\">\n\t\t\t\t\t<div class=\"e-con-inner\">\n\t\t<div class=\"elementor-element elementor-element-000f4f6 e-con-full e-flex e-con e-child\" data-id=\"000f4f6\" data-element_type=\"container\" data-e-type=\"container\">\n\t\t\t\t<div class=\"elementor-element elementor-element-bf01b98 elementor-widget elementor-widget-aux_modern_heading\" data-id=\"bf01b98\" data-element_type=\"widget\" data-e-type=\"widget\" data-widget_type=\"aux_modern_heading.default\">\n\t\t\t\t\t<section class=\"aux-widget-modern-heading\">\n            <div class=\"aux-widget-inner\"><h3 class=\"aux-modern-heading-primary\">Jordi Roca Girona<\/h3><div class=\"aux-modern-heading-description\"><p class=\"western\" lang=\"en-GB\" align=\"justify\"><span lang=\"it-IT\">C<\/span><span lang=\"it-IT\">atedr\u00e0tic d\u2019Antropologia Social a la Universitat Rovira i Virgili (Tarragona). <\/span><span lang=\"es-MX\">\u00c9s llicenciat en Hist\u00f2ria i Geografia General i doctor en Antropologia per la Universitat de Barcelona. La seva recerca se centra en els estudis de g\u00e8nere, la sexualitat i l\u2019amor, aix\u00ed com en la mem\u00f2ria biogr\u00e0fica i l\u2019etnografia. Ha dirigit projectes de recerca nacionals i internacionals sobre migracions per amor i parelles binacionals, amb treball de camp a Ucra\u00efna, M\u00e8xic i el Brasil.<\/span><\/p><\/div><\/div>\n        <\/section>\t\t\t\t<\/div>\n\t\t\t\t<\/div>\n\t\t<div class=\"elementor-element elementor-element-8cd5808 e-con-full e-flex e-con e-child\" data-id=\"8cd5808\" data-element_type=\"container\" data-e-type=\"container\">\n\t\t\t\t<div class=\"elementor-element elementor-element-11b2bdf elementor-widget elementor-widget-image\" data-id=\"11b2bdf\" data-element_type=\"widget\" data-e-type=\"widget\" data-widget_type=\"image.default\">\n\t\t\t\t\t\t\t\t\t\t\t\t\t\t\t<img decoding=\"async\" width=\"229\" height=\"220\" src=\"https:\/\/costiproject.net\/wp-content\/uploads\/2026\/03\/jordi-roca.jpg\" class=\"attachment-full size-full wp-image-198\" alt=\"Jordi Roca Girona\" \/>\t\t\t\t\t\t\t\t\t\t\t\t\t\t\t<\/div>\n\t\t\t\t<\/div>\n\t\t\t\t\t<\/div>\n\t\t\t\t<\/div>\n\t\t<div class=\"aux-parallax-section elementor-element elementor-element-d816c3d e-flex e-con-boxed e-con e-parent\" data-id=\"d816c3d\" data-element_type=\"container\" data-e-type=\"container\">\n\t\t\t\t\t<div class=\"e-con-inner\">\n\t\t<div class=\"elementor-element elementor-element-e1d6e02 e-con-full e-flex e-con e-child\" data-id=\"e1d6e02\" data-element_type=\"container\" data-e-type=\"container\">\n\t\t\t\t<div class=\"elementor-element elementor-element-1be0f86 elementor-widget elementor-widget-aux_modern_heading\" data-id=\"1be0f86\" data-element_type=\"widget\" data-e-type=\"widget\" data-widget_type=\"aux_modern_heading.default\">\n\t\t\t\t\t<section class=\"aux-widget-modern-heading\">\n            <div class=\"aux-widget-inner\"><h3 class=\"aux-modern-heading-primary\">Marta Lamas Encabo<\/h3><div class=\"aux-modern-heading-description\"><p class=\"western\" lang=\"en-GB\" align=\"left\"><a name=\"_Hlk219935339\"><\/a><\/p><p class=\"western\" lang=\"en-GB\" align=\"justify\"><span lang=\"es-MX\">A<\/span><span lang=\"es-MX\">ntrop\u00f2loga i investigadora s\u00e8nior al Centre de Recerca i Estudis de G\u00e8nere de la Universitat Nacional Aut\u00f2noma de M\u00e8xic. \u00c9s membre del Fondo de Cultura Econ\u00f3mica i del Sistema Nacional de Investigadoras e Investigadores del Consejo Nacional de Ciencia y Tecnolog\u00eda de M\u00e9xico (CONACYT). Antrop\u00f2loga feminista de reconeixement internacional, \u00e9s especialment coneguda per la seva expertesa en estudis de g\u00e8nere, en particular sobre la despenalitzaci\u00f3 de l\u2019avortament, la regularitzaci\u00f3 del treball sexual i els processos de transformaci\u00f3 social i jur\u00eddica.<\/span><\/p><\/div><\/div>\n        <\/section>\t\t\t\t<\/div>\n\t\t\t\t<\/div>\n\t\t<div class=\"elementor-element elementor-element-10ed31b e-con-full e-flex e-con e-child\" data-id=\"10ed31b\" data-element_type=\"container\" data-e-type=\"container\">\n\t\t\t\t<div class=\"elementor-element elementor-element-c217058 elementor-widget elementor-widget-image\" data-id=\"c217058\" data-element_type=\"widget\" data-e-type=\"widget\" data-widget_type=\"image.default\">\n\t\t\t\t\t\t\t\t\t\t\t\t\t\t\t<img loading=\"lazy\" decoding=\"async\" width=\"174\" height=\"176\" src=\"https:\/\/costiproject.net\/wp-content\/uploads\/2026\/03\/Marta-Lamas_ok.jpg\" class=\"attachment-full size-full wp-image-200\" alt=\"Marta Lamas Encabo\" \/>\t\t\t\t\t\t\t\t\t\t\t\t\t\t\t<\/div>\n\t\t\t\t<\/div>\n\t\t\t\t\t<\/div>\n\t\t\t\t<\/div>\n\t\t\t\t<\/div>\n\t\t","protected":false},"excerpt":{"rendered":"<p>Equip Livia Motterle Investigadora Principal Investigadora postdoctoral Marie Sk\u0142odowska-Curie a la Universitat Rovira i Virgili (Tarragona), en col\u00b7laboraci\u00f3 amb el Centre de Recerca i Estudis de G\u00e8nere de la Universitat Nacional Aut\u00f2noma de M\u00e8xic. La seva recerca se centra en el g\u00e8nere i la sexualitat; l\u2019exclusi\u00f3 social i la diversitat sexual i de g\u00e8nere; els [&hellip;]<\/p>\n","protected":false},"author":1,"featured_media":0,"parent":0,"menu_order":0,"comment_status":"closed","ping_status":"closed","template":"","meta":{"footnotes":""},"class_list":["post-1368","page","type-page","status-publish","hentry"],"_links":{"self":[{"href":"https:\/\/costiproject.net\/ca\/wp-json\/wp\/v2\/pages\/1368","targetHints":{"allow":["GET"]}}],"collection":[{"href":"https:\/\/costiproject.net\/ca\/wp-json\/wp\/v2\/pages"}],"about":[{"href":"https:\/\/costiproject.net\/ca\/wp-json\/wp\/v2\/types\/page"}],"author":[{"embeddable":true,"href":"https:\/\/costiproject.net\/ca\/wp-json\/wp\/v2\/users\/1"}],"replies":[{"embeddable":true,"href":"https:\/\/costiproject.net\/ca\/wp-json\/wp\/v2\/comments?post=1368"}],"version-history":[{"count":22,"href":"https:\/\/costiproject.net\/ca\/wp-json\/wp\/v2\/pages\/1368\/revisions"}],"predecessor-version":[{"id":2035,"href":"https:\/\/costiproject.net\/ca\/wp-json\/wp\/v2\/pages\/1368\/revisions\/2035"}],"wp:attachment":[{"href":"https:\/\/costiproject.net\/ca\/wp-json\/wp\/v2\/media?parent=1368"}],"curies":[{"name":"wp","href":"https:\/\/api.w.org\/{rel}","templated":true}]}}