{"id":1322,"date":"2026-02-25T21:34:03","date_gmt":"2026-02-25T21:34:03","guid":{"rendered":"https:\/\/costiproject.net\/home\/"},"modified":"2026-05-05T08:41:27","modified_gmt":"2026-05-05T08:41:27","slug":"home","status":"publish","type":"page","link":"https:\/\/costiproject.net\/es\/","title":{"rendered":"Inicio"},"content":{"rendered":"\t\t<div data-elementor-type=\"wp-page\" data-elementor-id=\"1322\" class=\"elementor elementor-1322 elementor-14\">\n\t\t\t\t<div class=\"aux-parallax-section elementor-element elementor-element-f554168 e-con-full e-flex e-con e-parent\" data-id=\"f554168\" data-element_type=\"container\" data-e-type=\"container\" data-settings=\"{&quot;background_background&quot;:&quot;classic&quot;}\">\n\t\t<div class=\"elementor-element elementor-element-2f69567 e-con-full e-flex e-con e-child\" data-id=\"2f69567\" data-element_type=\"container\" data-e-type=\"container\">\n\t\t\t\t<div class=\"elementor-element elementor-element-4126bbe elementor-widget elementor-widget-aux_modern_heading\" data-id=\"4126bbe\" data-element_type=\"widget\" data-e-type=\"widget\" data-widget_type=\"aux_modern_heading.default\">\n\t\t\t\t\t<section class=\"aux-widget-modern-heading\">\n            <div class=\"aux-widget-inner\"><h1 class=\"aux-modern-heading-primary\">COSTI<\/h1><div class=\"aux-modern-heading-description\"><p class=\"western\" lang=\"en-GB\"><span lang=\"es-ES\">El coste del estigma. Analizar y prevenir la discriminaci\u00f3n contra estudiantes en la industria del sexo en las universidades espa\u00f1olas e italianas <\/span><\/p><\/div><\/div>\n        <\/section>\t\t\t\t<\/div>\n\t\t\t\t<\/div>\n\t\t<div class=\"elementor-element elementor-element-0ff3b9f e-con-full e-flex e-con e-child\" data-id=\"0ff3b9f\" data-element_type=\"container\" data-e-type=\"container\">\n\t\t\t\t<\/div>\n\t\t\t\t<\/div>\n\t\t<div class=\"aux-parallax-section elementor-element elementor-element-82f5c8a e-con-full e-flex e-con e-parent\" data-id=\"82f5c8a\" data-element_type=\"container\" data-e-type=\"container\" id=\"sobre\" data-settings=\"{&quot;background_background&quot;:&quot;classic&quot;}\">\n\t\t\t\t<div class=\"elementor-element elementor-element-43d8d3b elementor-view-default elementor-invisible elementor-widget elementor-widget-icon\" data-id=\"43d8d3b\" data-element_type=\"widget\" data-e-type=\"widget\" data-settings=\"{&quot;_animation&quot;:&quot;bounce&quot;,&quot;_animation_delay&quot;:2000}\" data-widget_type=\"icon.default\">\n\t\t\t\t\t\t\t<div class=\"elementor-icon-wrapper\">\n\t\t\t<a class=\"elementor-icon\" href=\"#sobre\">\n\t\t\t<i aria-hidden=\"true\" class=\"auxicon2 auxicon2-arrow-chevron-fat-down\"><\/i>\t\t\t<\/a>\n\t\t<\/div>\n\t\t\t\t\t\t<\/div>\n\t\t\t\t<div class=\"elementor-element elementor-element-f576823 elementor-widget__width-initial elementor-widget elementor-widget-text-editor\" data-id=\"f576823\" data-element_type=\"widget\" data-e-type=\"widget\" data-widget_type=\"text-editor.default\">\n\t\t\t\t\t\t\t\t\t<p class=\"western\" lang=\"en-GB\" align=\"justify\"><span lang=\"es-MX\">El proyecto COSTI tiene como objetivo promover respuestas equitativas a las necesidades del alumnado que ejerce trabajo sexual en universidades espa\u00f1olas e italianas, y sensibilizar sobre el trabajo sexual estudiantil dentro de las instituciones educativas y la sociedad.<\/span><\/p><p class=\"western\" lang=\"en-GB\" align=\"justify\"><span lang=\"es-MX\">Puedes explorar en qu\u00e9 consiste el <a href=\"https:\/\/costiproject.net\/es\/project\/\"><span lang=\"en-US\">proyecto<\/span><\/a>, mantenerte al d\u00eda con nuestras <a href=\"https:\/\/costiproject.net\/es\/activities\/\"><span lang=\"en-US\">actividades<\/span><\/a> o consultar las <a href=\"https:\/\/costiproject.net\/es\/publications\/\"><span lang=\"en-US\">publicaciones<\/span><\/a> relacionadas.<\/span><\/p><p class=\"western\" lang=\"en-GB\" align=\"justify\"><span lang=\"es-MX\">Tambi\u00e9n puedes colaborar de forma an\u00f3nima participando como estudiante, como estudiante que ejerce el trabajo sexual o como miembro del personal acad\u00e9mico.<\/span><\/p><p class=\"western\" lang=\"en-GB\" align=\"justify\"><span lang=\"es-MX\">El proyecto se lleva a cabo en la Universitat Rovira i Virgili y en la Universidad Nacional Aut\u00f3noma de M\u00e9xico. Su <span lang=\"en-US\"><a href=\"https:\/\/costiproject.net\/es\/team\/\">equipo de investigaci\u00f3n<\/a><\/span>\u00a0est\u00e1 formado por Livia Motterle (Investigadora Principal), Jordi Roca y Marta Lamas.<\/span><\/p>\t\t\t\t\t\t\t\t<\/div>\n\t\t\t\t<\/div>\n\t\t<div class=\"aux-parallax-section elementor-element elementor-element-b2f166c e-flex e-con-boxed e-con e-parent\" data-id=\"b2f166c\" data-element_type=\"container\" data-e-type=\"container\">\n\t\t\t\t\t<div class=\"e-con-inner\">\n\t\t\t\t<div class=\"elementor-element elementor-element-68f2da5 elementor-widget elementor-widget-aux_modern_button\" data-id=\"68f2da5\" data-element_type=\"widget\" data-e-type=\"widget\" data-widget_type=\"aux_modern_button.default\">\n\t\t\t\t\t    <div class=\"aux-modern-button-wrapper aux-modern-button-align-left\" >\n                    <a class=\"aux-modern-button aux-black aux-modern-button-md aux-modern-button-normal aux-modern-button-default aux-icon-\" id=\"collaborateanchor\">\n                <div class=\"aux-overlay\"><\/div>\n                                    <div class=\"aux-icon \">\n                                            <\/div>\n                                <div class=\"aux-text\">\n<span class=\"aux-text-before\">COLABORA<\/span>                <\/div>\n            <\/a>\n            \n    <\/div>\n\n    \t\t\t\t<\/div>\n\t\t\t\t\t<\/div>\n\t\t\t\t<\/div>\n\t\t<div class=\"aux-parallax-section elementor-element elementor-element-e52b0a1 e-flex e-con-boxed e-con e-parent\" data-id=\"e52b0a1\" data-element_type=\"container\" data-e-type=\"container\">\n\t\t\t\t\t<div class=\"e-con-inner\">\n\t\t<div class=\"elementor-element elementor-element-933983b e-con-full e-flex e-con e-child\" data-id=\"933983b\" data-element_type=\"container\" data-e-type=\"container\">\n\t\t\t\t<div class=\"elementor-element elementor-element-29cb1e5 elementor-widget elementor-widget-aux_modern_heading\" data-id=\"29cb1e5\" data-element_type=\"widget\" data-e-type=\"widget\" data-widget_type=\"aux_modern_heading.default\">\n\t\t\t\t\t<section class=\"aux-widget-modern-heading\">\n            <div class=\"aux-widget-inner\"><h3 class=\"aux-modern-heading-primary\">\u00bfEst\u00e1s estudiando en una universidad espa\u00f1ola o italiana?<\/h3><div class=\"aux-modern-heading-description\"><p class=\"western\" lang=\"en-GB\" align=\"justify\"><span lang=\"es-MX\">Si actualmente estudias en una universidad de Barcelona, Madrid, Roma o Bolonia y tienes m\u00e1s de 18 a\u00f1os, te invitamos a participar completando la primera parte de este breve cuestionario an\u00f3nimo (nadie podr\u00e1 identificar qui\u00e9n lo ha completado). Su objetivo es explorar las percepciones del estudiantado sobre el trabajo sexual en el contexto universitario.<\/span><\/p><p class=\"western\" lang=\"en-GB\" align=\"justify\"><span lang=\"es-MX\">El cuestionario estar\u00e1 disponible hasta el 31 de julio de 2026.<\/span><\/p><\/div><\/div>\n        <\/section>\t\t\t\t<\/div>\n\t\t\t\t<div class=\"elementor-element elementor-element-5b8eb93 elementor-widget elementor-widget-aux_modern_heading\" data-id=\"5b8eb93\" data-element_type=\"widget\" data-e-type=\"widget\" data-widget_type=\"aux_modern_heading.default\">\n\t\t\t\t\t<section class=\"aux-widget-modern-heading\">\n            <div class=\"aux-widget-inner\"><h3 class=\"aux-modern-heading-primary\"><\/h3><div class=\"aux-modern-heading-description\"><p style=\"text-align: center\"><strong><a href=\"https:\/\/forms.office.com\/e\/S4SP8AN2A5?origin=lprLink\" target=\"_blank\" rel=\"noopener\">Cuestionario para el alumnado universitario<\/a><\/strong><\/p><\/div><\/div>\n        <\/section>\t\t\t\t<\/div>\n\t\t\t\t<div class=\"elementor-element elementor-element-dcb00d6 elementor-widget elementor-widget-aux_modern_heading\" data-id=\"dcb00d6\" data-element_type=\"widget\" data-e-type=\"widget\" data-widget_type=\"aux_modern_heading.default\">\n\t\t\t\t\t<section class=\"aux-widget-modern-heading\">\n            <div class=\"aux-widget-inner\"><h3 class=\"aux-modern-heading-primary\"><\/h3><div class=\"aux-modern-heading-description\"><p class=\"western\" lang=\"en-GB\" align=\"justify\"><span lang=\"es-MX\">Tu contribuci\u00f3n ser\u00e1 muy valiosa para el proyecto. Gracias por participar y ayudarnos a ampliar el conocimiento sobre el trabajo sexual estudiantil y a promover un debate informado y respetuoso.<\/span><\/p><\/div><\/div>\n        <\/section>\t\t\t\t<\/div>\n\t\t\t\t<\/div>\n\t\t<div class=\"elementor-element elementor-element-025346a e-con-full e-flex e-con e-child\" data-id=\"025346a\" data-element_type=\"container\" data-e-type=\"container\">\n\t\t\t\t<div class=\"elementor-element elementor-element-fdab587 elementor-widget elementor-widget-image\" data-id=\"fdab587\" data-element_type=\"widget\" data-e-type=\"widget\" data-widget_type=\"image.default\">\n\t\t\t\t\t\t\t\t\t\t\t\t\t\t\t<img fetchpriority=\"high\" decoding=\"async\" width=\"800\" height=\"1000\" src=\"https:\/\/costiproject.net\/wp-content\/uploads\/2026\/03\/dibujo_student_complet.jpg\" class=\"attachment-full size-full wp-image-809\" alt=\"\" \/>\t\t\t\t\t\t\t\t\t\t\t\t\t\t\t<\/div>\n\t\t\t\t<\/div>\n\t\t\t\t\t<\/div>\n\t\t\t\t<\/div>\n\t\t<div class=\"aux-parallax-section elementor-element elementor-element-c4b85c8 e-flex e-con-boxed e-con e-parent\" data-id=\"c4b85c8\" data-element_type=\"container\" data-e-type=\"container\">\n\t\t\t\t\t<div class=\"e-con-inner\">\n\t\t<div class=\"elementor-element elementor-element-759cdc8 e-con-full e-flex e-con e-child\" data-id=\"759cdc8\" data-element_type=\"container\" data-e-type=\"container\">\n\t\t\t\t<div class=\"elementor-element elementor-element-85678bd elementor-widget elementor-widget-image\" data-id=\"85678bd\" data-element_type=\"widget\" data-e-type=\"widget\" data-widget_type=\"image.default\">\n\t\t\t\t\t\t\t\t\t\t\t\t\t\t\t<img decoding=\"async\" width=\"800\" height=\"1000\" src=\"https:\/\/costiproject.net\/wp-content\/uploads\/2026\/02\/dibujo_sex-worker.jpg\" class=\"attachment-full size-full wp-image-88\" alt=\"\" \/>\t\t\t\t\t\t\t\t\t\t\t\t\t\t\t<\/div>\n\t\t\t\t<\/div>\n\t\t<div class=\"elementor-element elementor-element-3d91d7b e-con-full e-flex e-con e-child\" data-id=\"3d91d7b\" data-element_type=\"container\" data-e-type=\"container\">\n\t\t\t\t<div class=\"elementor-element elementor-element-fde7a6e elementor-widget elementor-widget-aux_modern_heading\" data-id=\"fde7a6e\" data-element_type=\"widget\" data-e-type=\"widget\" data-widget_type=\"aux_modern_heading.default\">\n\t\t\t\t\t<section class=\"aux-widget-modern-heading\">\n            <div class=\"aux-widget-inner\"><h3 class=\"aux-modern-heading-primary\">\u00bfEst\u00e1s estudiando en una universidad espa\u00f1ola o italiana y ejerces el trabajo sexual?<\/h3><div class=\"aux-modern-heading-description\"><p class=\"western\" lang=\"en-GB\" align=\"justify\"><span lang=\"es-MX\">Si eres estudiante de una universidad de Barcelona, Madrid, Roma o Bolonia, o has estudiado recientemente en una de ellas, tienes 18 a\u00f1os o m\u00e1s, <\/span><span lang=\"es-MX\">y <\/span><span lang=\"es-MX\">ejerces o has ejercido el trabajo sexual<\/span><span lang=\"es-MX\">, te invitamos a completar ambas partes de este breve cuestionario an\u00f3nimo (nadie podr\u00e1 identificar qui\u00e9n lo ha completado). El objetivo es explorar las percepciones y experiencias de la comunidad estudiantil sobre el trabajo sexual en el contexto universitario, incluyendo las motivaciones y necesidades de quienes lo ejercen.<\/span><\/p><p class=\"western\" lang=\"en-GB\" align=\"justify\"><span lang=\"es-MX\">El cuestionario estar\u00e1 disponible hasta el 31 de julio de 2026.<\/span><\/p><\/div><\/div>\n        <\/section>\t\t\t\t<\/div>\n\t\t\t\t<div class=\"elementor-element elementor-element-e1a0c00 elementor-widget elementor-widget-aux_modern_heading\" data-id=\"e1a0c00\" data-element_type=\"widget\" data-e-type=\"widget\" data-widget_type=\"aux_modern_heading.default\">\n\t\t\t\t\t<section class=\"aux-widget-modern-heading\">\n            <div class=\"aux-widget-inner\"><h3 class=\"aux-modern-heading-primary\"><\/h3><div class=\"aux-modern-heading-description\"><p style=\"text-align: center\"><strong><a href=\"https:\/\/forms.office.com\/e\/S4SP8AN2A5?origin=lprLink\" target=\"_blank\" rel=\"noopener\">Cuestionario para el alumnado universitario<\/a><\/strong><\/p><\/div><\/div>\n        <\/section>\t\t\t\t<\/div>\n\t\t\t\t<div class=\"elementor-element elementor-element-43bbcfa elementor-widget elementor-widget-aux_modern_heading\" data-id=\"43bbcfa\" data-element_type=\"widget\" data-e-type=\"widget\" data-widget_type=\"aux_modern_heading.default\">\n\t\t\t\t\t<section class=\"aux-widget-modern-heading\">\n            <div class=\"aux-widget-inner\"><h3 class=\"aux-modern-heading-primary\"><\/h3><div class=\"aux-modern-heading-description\"><p class=\"western\" lang=\"en-GB\" align=\"justify\"><span lang=\"es-MX\">Tu contribuci\u00f3n ser\u00e1 muy valiosa para el proyecto. Gracias por ayudar a crear entornos universitarios m\u00e1s inclusivos y libres de discriminaci\u00f3n para las personas que ejercen trabajo sexual.<\/span><\/p><p class=\"western\" lang=\"en-GB\" align=\"justify\"><span lang=\"es-MX\">Tambi\u00e9n te invitamos a compartir este cuestionario con otras personas estudiantes que ejercen trabajo sexual. Queremos que te sientas parte de una red de estudiantes que comparten experiencias, se apoyan mutuamente y hacen escuchar su voz en la sociedad.<\/span><\/p><p class=\"western\" lang=\"en-GB\" align=\"justify\"><span lang=\"es-MX\"><b>Por \u00faltimo, si deseas compartir tu historia de manera an\u00f3nima a trav\u00e9s de una conversaci\u00f3n confidencial (entrevista), puedes contactarnos en contact@costiproject.net<\/b><\/span>.<\/p><\/div><\/div>\n        <\/section>\t\t\t\t<\/div>\n\t\t\t\t<\/div>\n\t\t\t\t\t<\/div>\n\t\t\t\t<\/div>\n\t\t<div class=\"aux-parallax-section elementor-element elementor-element-9dc9af6 e-flex e-con-boxed e-con e-parent\" data-id=\"9dc9af6\" data-element_type=\"container\" data-e-type=\"container\">\n\t\t\t\t\t<div class=\"e-con-inner\">\n\t\t<div class=\"elementor-element elementor-element-80cf8e0 e-con-full e-flex e-con e-child\" data-id=\"80cf8e0\" data-element_type=\"container\" data-e-type=\"container\">\n\t\t\t\t<div class=\"elementor-element elementor-element-0f9e49a elementor-widget elementor-widget-aux_modern_heading\" data-id=\"0f9e49a\" data-element_type=\"widget\" data-e-type=\"widget\" data-widget_type=\"aux_modern_heading.default\">\n\t\t\t\t\t<section class=\"aux-widget-modern-heading\">\n            <div class=\"aux-widget-inner\"><h3 class=\"aux-modern-heading-primary\">\u00bfTrabajas como miembro del profesorado o del personal acad\u00e9mico de una universidad espa\u00f1ola o italiana?<\/h3><div class=\"aux-modern-heading-description\"><p class=\"western\" lang=\"en-GB\" align=\"justify\"><span lang=\"es-MX\">Si actualmente trabajas en una universidad <\/span><span lang=\"es-ES\">de Barcelona, Madrid, Roma o Bolonia<\/span><span lang=\"es-MX\">, te invitamos a participar completando este breve y an\u00f3nimo cuestionario, cuyo objetivo es recoger informaci\u00f3n sobre las percepciones y actitudes del profesorado y del personal acad\u00e9mico respecto al trabajo sexual estudiantil.<\/span><\/p><p class=\"western\" lang=\"en-GB\" align=\"justify\"><span lang=\"es-MX\">El cuestionario estar\u00e1 disponible hasta el 31 de julio de 2026.<\/span><\/p><\/div><\/div>\n        <\/section>\t\t\t\t<\/div>\n\t\t\t\t<div class=\"elementor-element elementor-element-3d0f778 elementor-widget elementor-widget-aux_modern_heading\" data-id=\"3d0f778\" data-element_type=\"widget\" data-e-type=\"widget\" data-widget_type=\"aux_modern_heading.default\">\n\t\t\t\t\t<section class=\"aux-widget-modern-heading\">\n            <div class=\"aux-widget-inner\"><h3 class=\"aux-modern-heading-primary\"><\/h3><div class=\"aux-modern-heading-description\"><p style=\"text-align: center\"><strong><a href=\"https:\/\/forms.office.com\/e\/dPZ9BtPLGx?origin=lprLink\" target=\"_blank\" rel=\"noopener\">Cuestionario para el personal acad\u00e9mico<\/a><\/strong><\/p><\/div><\/div>\n        <\/section>\t\t\t\t<\/div>\n\t\t\t\t<div class=\"elementor-element elementor-element-4f39a33 elementor-widget elementor-widget-aux_modern_heading\" data-id=\"4f39a33\" data-element_type=\"widget\" data-e-type=\"widget\" data-widget_type=\"aux_modern_heading.default\">\n\t\t\t\t\t<section class=\"aux-widget-modern-heading\">\n            <div class=\"aux-widget-inner\"><h3 class=\"aux-modern-heading-primary\"><\/h3><div class=\"aux-modern-heading-description\"><p class=\"western\" lang=\"en-GB\" align=\"justify\">T<span lang=\"es-MX\">u contribuci\u00f3n ser\u00e1 muy valiosa para el proyecto. Gracias por participar y ayudarnos a ampliar el conocimiento sobre el trabajo sexual estudiantil y a promover un debate informado y respetuoso. <\/span><\/p><\/div><\/div>\n        <\/section>\t\t\t\t<\/div>\n\t\t\t\t<\/div>\n\t\t<div class=\"elementor-element elementor-element-5ca0e7a e-con-full e-flex e-con e-child\" data-id=\"5ca0e7a\" data-element_type=\"container\" data-e-type=\"container\">\n\t\t\t\t<div class=\"elementor-element elementor-element-c8aed91 elementor-widget elementor-widget-image\" data-id=\"c8aed91\" data-element_type=\"widget\" data-e-type=\"widget\" data-widget_type=\"image.default\">\n\t\t\t\t\t\t\t\t\t\t\t\t\t\t\t<img decoding=\"async\" width=\"1000\" height=\"800\" src=\"https:\/\/costiproject.net\/wp-content\/uploads\/2026\/02\/dibujo_uni_staff.jpg\" class=\"attachment-full size-full wp-image-90\" alt=\"\" \/>\t\t\t\t\t\t\t\t\t\t\t\t\t\t\t<\/div>\n\t\t\t\t<\/div>\n\t\t\t\t\t<\/div>\n\t\t\t\t<\/div>\n\t\t<div class=\"aux-parallax-section elementor-element elementor-element-ed24d34 e-flex e-con-boxed e-con e-parent\" data-id=\"ed24d34\" data-element_type=\"container\" data-e-type=\"container\" data-settings=\"{&quot;background_background&quot;:&quot;classic&quot;}\">\n\t\t\t\t\t<div class=\"e-con-inner\">\n\t\t<div class=\"elementor-element elementor-element-9172524 e-con-full e-flex e-con e-child\" data-id=\"9172524\" data-element_type=\"container\" data-e-type=\"container\">\n\t\t\t\t<div class=\"elementor-element elementor-element-d96ccab elementor-widget elementor-widget-aux_modern_heading\" data-id=\"d96ccab\" data-element_type=\"widget\" data-e-type=\"widget\" data-widget_type=\"aux_modern_heading.default\">\n\t\t\t\t\t<section class=\"aux-widget-modern-heading\">\n            <div class=\"aux-widget-inner\"><h3 class=\"aux-modern-heading-primary\">\u00bfQu\u00e9 es el trabajo sexual?<\/h3><div class=\"aux-modern-heading-description\"><p class=\"western\" lang=\"en-GB\" align=\"justify\"><span lang=\"es-MX\">El trabajo sexual se refiere al intercambio de servicios, performances o contenidos sexuales a cambio de una compensaci\u00f3n material. Es un t\u00e9rmino paraguas que engloba una amplia gama de actividades, desde aquellas que implican contacto directo con la clientela (trabajo sexual en la calle; actividad de acompa\u00f1amiento o <\/span><span lang=\"es-MX\"><i>escort<\/i><\/span><span lang=\"es-MX\">; venta de servicios sexuales en hoteles, salones de masaje o saunas; venta de servicios sexuales en domicilios; etc.), hasta otras que se realizan sin contacto f\u00edsico (venta de servicios sexuales en plataformas er\u00f3ticas virtuales; baile er\u00f3tico; trabajo como int\u00e9rprete en la industria pornogr\u00e1fica; etc.).<\/span><\/p><\/div><\/div>\n        <\/section>\t\t\t\t<\/div>\n\t\t\t\t<div class=\"elementor-element elementor-element-c5620e3 elementor-widget elementor-widget-image\" data-id=\"c5620e3\" data-element_type=\"widget\" data-e-type=\"widget\" data-widget_type=\"image.default\">\n\t\t\t\t\t\t\t\t\t\t\t\t\t\t\t<img loading=\"lazy\" decoding=\"async\" width=\"141\" height=\"109\" src=\"https:\/\/costiproject.net\/wp-content\/uploads\/2026\/02\/sex_work.svg\" class=\"attachment-full size-full wp-image-91\" alt=\"\" \/>\t\t\t\t\t\t\t\t\t\t\t\t\t\t\t<\/div>\n\t\t\t\t<\/div>\n\t\t\t\t\t<\/div>\n\t\t\t\t<\/div>\n\t\t\t\t<\/div>\n\t\t","protected":false},"excerpt":{"rendered":"<p>COSTI El coste del estigma. Analizar y prevenir la discriminaci\u00f3n contra estudiantes en la industria del sexo en las universidades espa\u00f1olas e italianas El proyecto COSTI tiene como objetivo promover respuestas equitativas a las necesidades del alumnado que ejerce trabajo sexual en universidades espa\u00f1olas e italianas, y sensibilizar sobre el trabajo sexual estudiantil dentro de [&hellip;]<\/p>\n","protected":false},"author":1,"featured_media":0,"parent":0,"menu_order":0,"comment_status":"closed","ping_status":"closed","template":"","meta":{"footnotes":""},"class_list":["post-1322","page","type-page","status-publish","hentry"],"_links":{"self":[{"href":"https:\/\/costiproject.net\/es\/wp-json\/wp\/v2\/pages\/1322","targetHints":{"allow":["GET"]}}],"collection":[{"href":"https:\/\/costiproject.net\/es\/wp-json\/wp\/v2\/pages"}],"about":[{"href":"https:\/\/costiproject.net\/es\/wp-json\/wp\/v2\/types\/page"}],"author":[{"embeddable":true,"href":"https:\/\/costiproject.net\/es\/wp-json\/wp\/v2\/users\/1"}],"replies":[{"embeddable":true,"href":"https:\/\/costiproject.net\/es\/wp-json\/wp\/v2\/comments?post=1322"}],"version-history":[{"count":79,"href":"https:\/\/costiproject.net\/es\/wp-json\/wp\/v2\/pages\/1322\/revisions"}],"predecessor-version":[{"id":2044,"href":"https:\/\/costiproject.net\/es\/wp-json\/wp\/v2\/pages\/1322\/revisions\/2044"}],"wp:attachment":[{"href":"https:\/\/costiproject.net\/es\/wp-json\/wp\/v2\/media?parent=1322"}],"curies":[{"name":"wp","href":"https:\/\/api.w.org\/{rel}","templated":true}]}}