{"id":1358,"date":"2026-02-26T00:58:03","date_gmt":"2026-02-26T00:58:03","guid":{"rendered":"https:\/\/costiproject.net\/project\/"},"modified":"2026-05-05T08:40:43","modified_gmt":"2026-05-05T08:40:43","slug":"project","status":"publish","type":"page","link":"https:\/\/costiproject.net\/es\/project\/","title":{"rendered":"Proyecto"},"content":{"rendered":"\t\t<div data-elementor-type=\"wp-page\" data-elementor-id=\"1358\" class=\"elementor elementor-1358 elementor-155\">\n\t\t\t\t<div class=\"aux-parallax-section elementor-element elementor-element-3e060c3 e-con-full e-flex e-con e-parent\" data-id=\"3e060c3\" data-element_type=\"container\" data-e-type=\"container\">\n\t\t<div class=\"elementor-element elementor-element-022fd25 e-con-full e-flex e-con e-child\" data-id=\"022fd25\" data-element_type=\"container\" data-e-type=\"container\" data-settings=\"{&quot;background_background&quot;:&quot;classic&quot;}\">\n\t\t\t\t<div class=\"elementor-element elementor-element-540201d elementor-widget elementor-widget-image\" data-id=\"540201d\" data-element_type=\"widget\" data-e-type=\"widget\" data-widget_type=\"image.default\">\n\t\t\t\t\t\t\t\t\t\t\t\t\t\t\t<img decoding=\"async\" width=\"150\" height=\"150\" src=\"https:\/\/costiproject.net\/wp-content\/uploads\/2026\/03\/orla.png\" class=\"attachment-full size-full wp-image-537\" alt=\"\" \/>\t\t\t\t\t\t\t\t\t\t\t\t\t\t\t<\/div>\n\t\t\t\t<div class=\"elementor-element elementor-element-9f1f797 elementor-widget elementor-widget-heading\" data-id=\"9f1f797\" data-element_type=\"widget\" data-e-type=\"widget\" data-widget_type=\"heading.default\">\n\t\t\t\t\t<h2 class=\"elementor-heading-title elementor-size-default\">Proyecto<\/h2>\t\t\t\t<\/div>\n\t\t\t\t<\/div>\n\t\t\t\t<\/div>\n\t\t<div class=\"aux-parallax-section elementor-element elementor-element-ed24d34 e-flex e-con-boxed e-con e-parent\" data-id=\"ed24d34\" data-element_type=\"container\" data-e-type=\"container\" id=\"overview\">\n\t\t\t\t\t<div class=\"e-con-inner\">\n\t\t<div class=\"elementor-element elementor-element-9172524 e-con-full e-flex e-con e-child\" data-id=\"9172524\" data-element_type=\"container\" data-e-type=\"container\" data-settings=\"{&quot;background_background&quot;:&quot;classic&quot;}\">\n\t\t\t\t<div class=\"elementor-element elementor-element-d96ccab elementor-widget elementor-widget-aux_modern_heading\" data-id=\"d96ccab\" data-element_type=\"widget\" data-e-type=\"widget\" data-widget_type=\"aux_modern_heading.default\">\n\t\t\t\t\t<section class=\"aux-widget-modern-heading\">\n            <div class=\"aux-widget-inner\"><h3 class=\"aux-modern-heading-primary\">Visi\u00f3n general <\/h3><div class=\"aux-modern-heading-description\"><p class=\"western\" lang=\"en-GB\" align=\"justify\"><span lang=\"es-MX\">Los desaf\u00edos globales para promover una educaci\u00f3n universitaria libre de discriminaci\u00f3n est\u00e1n en aumento. Una parte significativa de la comunidad estudiantil se enfrenta a diferentes formas de discriminaci\u00f3n basadas en la clase social, el g\u00e9nero, el origen, la edad o la ocupaci\u00f3n, a menudo sin que se reconozcan sus derechos. Si bien las universidades europeas han avanzado significativamente en la prevenci\u00f3n de la violencia de g\u00e9nero contra las mujeres y la comunidad LGTBIQA+, todav\u00eda no han abordado la discriminaci\u00f3n contra el estudiantado que forma parte de la industria del sexo.<\/span><\/p><p class=\"western\" lang=\"en-GB\" align=\"justify\"><span lang=\"es-ES\">Esta cuesti\u00f3n es cada vez m\u00e1s relevante, ya que un n\u00famero creciente del alumnado recurre al trabajo sexual debido al aumento de las tasas universitarias y del coste de la vida. Para algunas personas, el trabajo sexual ofrece una alternativa m\u00e1s flexible y mejor remunerada, aunque no exenta de <\/span><span lang=\"es-ES\">consecuencias. El estigma<\/span><span lang=\"es-ES\"> que rodea esta actividad lleva a muchas de ellas a mantenerla en secreto por miedo al juicio o a posibles repercusiones por parte de otras personas del entorno acad\u00e9mico. En numerosas ocasiones, de hecho, el alumnado implicado en la industria del sexo que hizo p\u00fablica su ocupaci\u00f3n <\/span><span lang=\"es-ES\">ha sufrido<\/span><span lang=\"es-ES\"> sanciones o expulsiones debido a cl\u00e1usulas de moralidad.<\/span><\/p><p class=\"western\" lang=\"en-GB\" align=\"justify\"><span lang=\"es-MX\">Situado en la intersecci\u00f3n entre los procesos de estigmatizaci\u00f3n, el trabajo sexual, la educaci\u00f3n y la transformaci\u00f3n social, COSTI es un proyecto pionero de investigaci\u00f3n-acci\u00f3n. <\/span><\/p><\/div><\/div>\n        <\/section>\t\t\t\t<\/div>\n\t\t\t\t<\/div>\n\t\t\t\t\t<\/div>\n\t\t\t\t<\/div>\n\t\t<div class=\"aux-parallax-section elementor-element elementor-element-03ebf8b e-flex e-con-boxed e-con e-parent\" data-id=\"03ebf8b\" data-element_type=\"container\" data-e-type=\"container\" id=\"research\" data-settings=\"{&quot;background_background&quot;:&quot;classic&quot;}\">\n\t\t\t\t\t<div class=\"e-con-inner\">\n\t\t<div class=\"elementor-element elementor-element-d85a80f e-con-full e-flex e-con e-child\" data-id=\"d85a80f\" data-element_type=\"container\" data-e-type=\"container\">\n\t\t\t\t<div class=\"elementor-element elementor-element-ee0e97a elementor-widget elementor-widget-aux_modern_heading\" data-id=\"ee0e97a\" data-element_type=\"widget\" data-e-type=\"widget\" data-widget_type=\"aux_modern_heading.default\">\n\t\t\t\t\t<section class=\"aux-widget-modern-heading\">\n            <div class=\"aux-widget-inner\"><h3 class=\"aux-modern-heading-primary\">Objetivos de investigaci\u00f3n<\/h3><div class=\"aux-modern-heading-description\"><p class=\"western\" lang=\"en-GB\" align=\"justify\"><span lang=\"es-MX\">El objetivo principal de investigaci\u00f3n de COSTI es analizar, mediante una metodolog\u00eda participativa, el fen\u00f3meno emergente \u2014aunque todav\u00eda poco investigado\u2014 del trabajo sexual estudiantil, centr\u00e1ndose en los mecanismos de estigmatizaci\u00f3n que operan en las universidades, con el fin de reforzar la inclusi\u00f3n social del alumnado que realiza el trabajo sexual. Los objetivos espec\u00edficos son:<\/span><\/p>\n<p class=\"western\" lang=\"en-GB\" align=\"justify\">\u2022 Mapear el fen\u00f3meno del trabajo sexual en Europa a trav\u00e9s de una revisi\u00f3n exhaustiva de la literatura. Esto constituir\u00e1 la base para generar los primeros resultados sobre el trabajo sexual estudiantil en Espa\u00f1a e Italia.<\/p>\n\n<p class=\"western\" lang=\"en-GB\" align=\"justify\">\u2022 Comprender, desde una perspectiva interseccional, las motivaciones que llevan a algunas personas que frecuentan las universidades a incorporarse a la industria del sexo, as\u00ed como los factores sociales y pol\u00edticos que generan el estigma institucional hacia estas personas en Espa\u00f1a e Italia.<\/p>\n\n<p class=\"western\" lang=\"en-GB\" align=\"justify\">\u2022 Identificar, junto con profesionales y personas expertas en estigma institucional hacia las personas que ejercen el trabajo sexual, las necesidades del estudiantado que ejerce trabajo sexual en Espa\u00f1a e Italia.<\/p>\n\n<p class=\"western\" lang=\"en-GB\" align=\"justify\">\u2022 Crear, junto con el alumnado que ejerce el trabajo sexual, recomendaciones orientadas a prevenir la discriminaci\u00f3n dentro de la comunidad universitaria, mediante el aumento de la sensibilizaci\u00f3n sobre el trabajo sexual estudiantil en el \u00e1mbito universitario y en la sociedad en general.<\/p><\/div><\/div>\n        <\/section>\t\t\t\t<\/div>\n\t\t\t\t<\/div>\n\t\t\t\t\t<\/div>\n\t\t\t\t<\/div>\n\t\t<div class=\"aux-parallax-section elementor-element elementor-element-32dc2dd e-flex e-con-boxed e-con e-parent\" data-id=\"32dc2dd\" data-element_type=\"container\" data-e-type=\"container\" id=\"methodology\">\n\t\t\t\t\t<div class=\"e-con-inner\">\n\t\t<div class=\"elementor-element elementor-element-01b76d1 e-con-full e-flex e-con e-child\" data-id=\"01b76d1\" data-element_type=\"container\" data-e-type=\"container\">\n\t\t\t\t<div class=\"elementor-element elementor-element-2ba9613 elementor-widget elementor-widget-aux_modern_heading\" data-id=\"2ba9613\" data-element_type=\"widget\" data-e-type=\"widget\" data-widget_type=\"aux_modern_heading.default\">\n\t\t\t\t\t<section class=\"aux-widget-modern-heading\">\n            <div class=\"aux-widget-inner\"><h3 class=\"aux-modern-heading-primary\">Metodolog\u00eda<\/h3><div class=\"aux-modern-heading-description\"><p class=\"western\" lang=\"en-GB\" align=\"justify\"><span lang=\"es-MX\">COSTI se basa en una etnograf\u00eda multisituada realizada en universidades del sur de Europa, espec\u00edficamente en Barcelona, Madrid, Roma y Bolonia. El proyecto combina investigaci\u00f3n etnogr\u00e1fica, m\u00e9todos cuantitativos e investigaci\u00f3n-acci\u00f3n. Incluye cuestionarios an\u00f3nimos en l\u00ednea dirigidos al alumnado y al personal acad\u00e9mico, entrevistas en profundidad y grupos focales con el alumnado que ejerce el trabajo sexual, as\u00ed como la cocreaci\u00f3n de un informe con recomendaciones.<\/span><\/p><\/div><\/div>\n        <\/section>\t\t\t\t<\/div>\n\t\t\t\t<\/div>\n\t\t\t\t\t<\/div>\n\t\t\t\t<\/div>\n\t\t\t\t<\/div>\n\t\t","protected":false},"excerpt":{"rendered":"<p>Proyecto Visi\u00f3n general Los desaf\u00edos globales para promover una educaci\u00f3n universitaria libre de discriminaci\u00f3n est\u00e1n en aumento. Una parte significativa de la comunidad estudiantil se enfrenta a diferentes formas de discriminaci\u00f3n basadas en la clase social, el g\u00e9nero, el origen, la edad o la ocupaci\u00f3n, a menudo sin que se reconozcan sus derechos. Si bien [&hellip;]<\/p>\n","protected":false},"author":1,"featured_media":0,"parent":0,"menu_order":0,"comment_status":"closed","ping_status":"closed","template":"elementor_header_footer","meta":{"footnotes":""},"class_list":["post-1358","page","type-page","status-publish","hentry"],"_links":{"self":[{"href":"https:\/\/costiproject.net\/es\/wp-json\/wp\/v2\/pages\/1358","targetHints":{"allow":["GET"]}}],"collection":[{"href":"https:\/\/costiproject.net\/es\/wp-json\/wp\/v2\/pages"}],"about":[{"href":"https:\/\/costiproject.net\/es\/wp-json\/wp\/v2\/types\/page"}],"author":[{"embeddable":true,"href":"https:\/\/costiproject.net\/es\/wp-json\/wp\/v2\/users\/1"}],"replies":[{"embeddable":true,"href":"https:\/\/costiproject.net\/es\/wp-json\/wp\/v2\/comments?post=1358"}],"version-history":[{"count":31,"href":"https:\/\/costiproject.net\/es\/wp-json\/wp\/v2\/pages\/1358\/revisions"}],"predecessor-version":[{"id":2041,"href":"https:\/\/costiproject.net\/es\/wp-json\/wp\/v2\/pages\/1358\/revisions\/2041"}],"wp:attachment":[{"href":"https:\/\/costiproject.net\/es\/wp-json\/wp\/v2\/media?parent=1358"}],"curies":[{"name":"wp","href":"https:\/\/api.w.org\/{rel}","templated":true}]}}