{"id":1370,"date":"2026-03-04T07:42:56","date_gmt":"2026-03-04T07:42:56","guid":{"rendered":"https:\/\/costiproject.net\/team\/"},"modified":"2026-05-05T08:42:18","modified_gmt":"2026-05-05T08:42:18","slug":"team","status":"publish","type":"page","link":"https:\/\/costiproject.net\/es\/team\/","title":{"rendered":"Equipo"},"content":{"rendered":"\t\t<div data-elementor-type=\"wp-page\" data-elementor-id=\"1370\" class=\"elementor elementor-1370 elementor-188\">\n\t\t\t\t<div class=\"aux-parallax-section elementor-element elementor-element-3e060c3 e-con-full e-flex e-con e-parent\" data-id=\"3e060c3\" data-element_type=\"container\" data-e-type=\"container\">\n\t\t<div class=\"elementor-element elementor-element-022fd25 e-con-full e-flex e-con e-child\" data-id=\"022fd25\" data-element_type=\"container\" data-e-type=\"container\" data-settings=\"{&quot;background_background&quot;:&quot;classic&quot;}\">\n\t\t\t\t<div class=\"elementor-element elementor-element-540201d elementor-widget elementor-widget-image\" data-id=\"540201d\" data-element_type=\"widget\" data-e-type=\"widget\" data-widget_type=\"image.default\">\n\t\t\t\t\t\t\t\t\t\t\t\t\t\t\t<img decoding=\"async\" width=\"150\" height=\"150\" src=\"https:\/\/costiproject.net\/wp-content\/uploads\/2026\/03\/gafas.png\" class=\"attachment-full size-full wp-image-715\" alt=\"\" \/>\t\t\t\t\t\t\t\t\t\t\t\t\t\t\t<\/div>\n\t\t\t\t<div class=\"elementor-element elementor-element-9f1f797 elementor-widget elementor-widget-heading\" data-id=\"9f1f797\" data-element_type=\"widget\" data-e-type=\"widget\" data-widget_type=\"heading.default\">\n\t\t\t\t\t<h2 class=\"elementor-heading-title elementor-size-default\">Equipo<\/h2>\t\t\t\t<\/div>\n\t\t\t\t<\/div>\n\t\t\t\t<\/div>\n\t\t<div class=\"aux-parallax-section elementor-element elementor-element-c9485f3 e-flex e-con-boxed e-con e-parent\" data-id=\"c9485f3\" data-element_type=\"container\" data-e-type=\"container\">\n\t\t\t\t\t<div class=\"e-con-inner\">\n\t\t<div class=\"elementor-element elementor-element-31dd3b7 e-con-full e-flex e-con e-child\" data-id=\"31dd3b7\" data-element_type=\"container\" data-e-type=\"container\">\n\t\t\t\t<div class=\"elementor-element elementor-element-06fb1f8 elementor-widget elementor-widget-aux_modern_heading\" data-id=\"06fb1f8\" data-element_type=\"widget\" data-e-type=\"widget\" data-widget_type=\"aux_modern_heading.default\">\n\t\t\t\t\t<section class=\"aux-widget-modern-heading\">\n            <div class=\"aux-widget-inner\"><h3 class=\"aux-modern-heading-primary\">Livia Motterle  <\/h3><h4 class=\"aux-modern-heading-secondary\"><span class=\"aux-head-highlight\">Investigadora Principal<\/span><\/h4><div class=\"aux-modern-heading-description\"><p class=\"western\" lang=\"en-GB\" align=\"justify\"><span lang=\"es-MX\">I<\/span><span lang=\"es-MX\">nvestigadora postdoctoral Marie Sk\u0142odowska-Curie en la Universitat Rovira i Virgili (Tarragona), en colaboraci\u00f3n con el Centro de Investigaciones y Estudios de G\u00e9nero de la Universidad Nacional Aut\u00f3noma de M\u00e9xico. Su investigaci\u00f3n se centra en g\u00e9nero y sexualidad; exclusi\u00f3n social y diversidad sexual y de g\u00e9nero; feminismos y movimientos sociales; espacio p\u00fablico y control social; pol\u00edticas p\u00fablicas y juventud. Cuenta con una amplia experiencia en investigaci\u00f3n postdoctoral, docencia universitaria y participaci\u00f3n en proyectos de investigaci\u00f3n nacionales e internacionales.<\/span><\/p><\/div><\/div>\n        <\/section>\t\t\t\t<\/div>\n\t\t\t\t<\/div>\n\t\t<div class=\"elementor-element elementor-element-26d5ec8 e-con-full e-flex e-con e-child\" data-id=\"26d5ec8\" data-element_type=\"container\" data-e-type=\"container\">\n\t\t\t\t<div class=\"elementor-element elementor-element-58ad06a elementor-widget elementor-widget-image\" data-id=\"58ad06a\" data-element_type=\"widget\" data-e-type=\"widget\" data-widget_type=\"image.default\">\n\t\t\t\t\t\t\t\t\t\t\t\t\t\t\t<img fetchpriority=\"high\" decoding=\"async\" width=\"1080\" height=\"1080\" src=\"https:\/\/costiproject.net\/wp-content\/uploads\/2026\/03\/Livia-Motterle.webp\" class=\"attachment-full size-full wp-image-197\" alt=\"Livia Motterle\" srcset=\"https:\/\/costiproject.net\/wp-content\/uploads\/2026\/03\/Livia-Motterle.webp 1080w, https:\/\/costiproject.net\/wp-content\/uploads\/2026\/03\/Livia-Motterle-300x300.webp 300w, https:\/\/costiproject.net\/wp-content\/uploads\/2026\/03\/Livia-Motterle-1024x1024.webp 1024w, https:\/\/costiproject.net\/wp-content\/uploads\/2026\/03\/Livia-Motterle-150x150.webp 150w, https:\/\/costiproject.net\/wp-content\/uploads\/2026\/03\/Livia-Motterle-768x768.webp 768w\" sizes=\"(max-width: 1080px) 100vw, 1080px\" \/>\t\t\t\t\t\t\t\t\t\t\t\t\t\t\t<\/div>\n\t\t\t\t<\/div>\n\t\t\t\t\t<\/div>\n\t\t\t\t<\/div>\n\t\t<div class=\"aux-parallax-section elementor-element elementor-element-2579e03 e-flex e-con-boxed e-con e-parent\" data-id=\"2579e03\" data-element_type=\"container\" data-e-type=\"container\">\n\t\t\t\t\t<div class=\"e-con-inner\">\n\t\t<div class=\"elementor-element elementor-element-000f4f6 e-con-full e-flex e-con e-child\" data-id=\"000f4f6\" data-element_type=\"container\" data-e-type=\"container\">\n\t\t\t\t<div class=\"elementor-element elementor-element-bf01b98 elementor-widget elementor-widget-aux_modern_heading\" data-id=\"bf01b98\" data-element_type=\"widget\" data-e-type=\"widget\" data-widget_type=\"aux_modern_heading.default\">\n\t\t\t\t\t<section class=\"aux-widget-modern-heading\">\n            <div class=\"aux-widget-inner\"><h3 class=\"aux-modern-heading-primary\">Jordi Roca Girona<\/h3><div class=\"aux-modern-heading-description\"><p class=\"western\" lang=\"en-GB\" align=\"justify\"><span lang=\"es-MX\">C<\/span><span lang=\"es-MX\">atedr\u00e1tico de Antropolog\u00eda Social en la Universitat Rovira i Virgili (Tarragona). Es licenciado en Historia y Geograf\u00eda General y doctor en Antropolog\u00eda por la Universidad de Barcelona. Su investigaci\u00f3n se centra en los estudios de g\u00e9nero, la sexualidad y el amor, as\u00ed como en la memoria biogr\u00e1fica y la etnograf\u00eda. Ha dirigido proyectos de investigaci\u00f3n nacionales e internacionales sobre migraciones por amor y parejas binacionales, realizando trabajo de campo en Ucrania, M\u00e9xico y Brasil.<\/span><\/p><\/div><\/div>\n        <\/section>\t\t\t\t<\/div>\n\t\t\t\t<\/div>\n\t\t<div class=\"elementor-element elementor-element-8cd5808 e-con-full e-flex e-con e-child\" data-id=\"8cd5808\" data-element_type=\"container\" data-e-type=\"container\">\n\t\t\t\t<div class=\"elementor-element elementor-element-11b2bdf elementor-widget elementor-widget-image\" data-id=\"11b2bdf\" data-element_type=\"widget\" data-e-type=\"widget\" data-widget_type=\"image.default\">\n\t\t\t\t\t\t\t\t\t\t\t\t\t\t\t<img decoding=\"async\" width=\"229\" height=\"220\" src=\"https:\/\/costiproject.net\/wp-content\/uploads\/2026\/03\/jordi-roca.jpg\" class=\"attachment-full size-full wp-image-198\" alt=\"Jordi Roca Girona\" \/>\t\t\t\t\t\t\t\t\t\t\t\t\t\t\t<\/div>\n\t\t\t\t<\/div>\n\t\t\t\t\t<\/div>\n\t\t\t\t<\/div>\n\t\t<div class=\"aux-parallax-section elementor-element elementor-element-d816c3d e-flex e-con-boxed e-con e-parent\" data-id=\"d816c3d\" data-element_type=\"container\" data-e-type=\"container\">\n\t\t\t\t\t<div class=\"e-con-inner\">\n\t\t<div class=\"elementor-element elementor-element-e1d6e02 e-con-full e-flex e-con e-child\" data-id=\"e1d6e02\" data-element_type=\"container\" data-e-type=\"container\">\n\t\t\t\t<div class=\"elementor-element elementor-element-1be0f86 elementor-widget elementor-widget-aux_modern_heading\" data-id=\"1be0f86\" data-element_type=\"widget\" data-e-type=\"widget\" data-widget_type=\"aux_modern_heading.default\">\n\t\t\t\t\t<section class=\"aux-widget-modern-heading\">\n            <div class=\"aux-widget-inner\"><h3 class=\"aux-modern-heading-primary\">Marta Lamas Encabo<\/h3><div class=\"aux-modern-heading-description\"><p class=\"western\" lang=\"en-GB\" align=\"justify\"><a name=\"_Hlk219935339\"><\/a>A<span lang=\"es-MX\">ntrop\u00f3loga e investigadora senior en el Centro de Investigaciones y Estudios de G\u00e9nero de la Universidad Nacional Aut\u00f3noma de M\u00e9xico. Es miembro del Fondo de Cultura Econ\u00f3mica y del Sistema Nacional de Investigadoras e Investigadores del Consejo Nacional de Ciencia y Tecnolog\u00eda de M\u00e9xico (CONACYT). Antrop\u00f3loga feminista de reconocido prestigio internacional, es especialmente conocida por su trabajo en estudios de g\u00e9nero, en particular sobre la despenalizaci\u00f3n del aborto, la regularizaci\u00f3n del trabajo sexual y los procesos de transformaci\u00f3n social y jur\u00eddica.<\/span><\/p><\/div><\/div>\n        <\/section>\t\t\t\t<\/div>\n\t\t\t\t<\/div>\n\t\t<div class=\"elementor-element elementor-element-10ed31b e-con-full e-flex e-con e-child\" data-id=\"10ed31b\" data-element_type=\"container\" data-e-type=\"container\">\n\t\t\t\t<div class=\"elementor-element elementor-element-c217058 elementor-widget elementor-widget-image\" data-id=\"c217058\" data-element_type=\"widget\" data-e-type=\"widget\" data-widget_type=\"image.default\">\n\t\t\t\t\t\t\t\t\t\t\t\t\t\t\t<img loading=\"lazy\" decoding=\"async\" width=\"174\" height=\"176\" src=\"https:\/\/costiproject.net\/wp-content\/uploads\/2026\/03\/Marta-Lamas_ok.jpg\" class=\"attachment-full size-full wp-image-200\" alt=\"Marta Lamas Encabo\" \/>\t\t\t\t\t\t\t\t\t\t\t\t\t\t\t<\/div>\n\t\t\t\t<\/div>\n\t\t\t\t\t<\/div>\n\t\t\t\t<\/div>\n\t\t\t\t<\/div>\n\t\t","protected":false},"excerpt":{"rendered":"<p>Equipo Livia Motterle Investigadora Principal Investigadora postdoctoral Marie Sk\u0142odowska-Curie en la Universitat Rovira i Virgili (Tarragona), en colaboraci\u00f3n con el Centro de Investigaciones y Estudios de G\u00e9nero de la Universidad Nacional Aut\u00f3noma de M\u00e9xico. Su investigaci\u00f3n se centra en g\u00e9nero y sexualidad; exclusi\u00f3n social y diversidad sexual y de g\u00e9nero; feminismos y movimientos sociales; espacio [&hellip;]<\/p>\n","protected":false},"author":1,"featured_media":0,"parent":0,"menu_order":0,"comment_status":"closed","ping_status":"closed","template":"","meta":{"footnotes":""},"class_list":["post-1370","page","type-page","status-publish","hentry"],"_links":{"self":[{"href":"https:\/\/costiproject.net\/es\/wp-json\/wp\/v2\/pages\/1370","targetHints":{"allow":["GET"]}}],"collection":[{"href":"https:\/\/costiproject.net\/es\/wp-json\/wp\/v2\/pages"}],"about":[{"href":"https:\/\/costiproject.net\/es\/wp-json\/wp\/v2\/types\/page"}],"author":[{"embeddable":true,"href":"https:\/\/costiproject.net\/es\/wp-json\/wp\/v2\/users\/1"}],"replies":[{"embeddable":true,"href":"https:\/\/costiproject.net\/es\/wp-json\/wp\/v2\/comments?post=1370"}],"version-history":[{"count":19,"href":"https:\/\/costiproject.net\/es\/wp-json\/wp\/v2\/pages\/1370\/revisions"}],"predecessor-version":[{"id":2047,"href":"https:\/\/costiproject.net\/es\/wp-json\/wp\/v2\/pages\/1370\/revisions\/2047"}],"wp:attachment":[{"href":"https:\/\/costiproject.net\/es\/wp-json\/wp\/v2\/media?parent=1370"}],"curies":[{"name":"wp","href":"https:\/\/api.w.org\/{rel}","templated":true}]}}