{"id":1332,"date":"2026-02-25T21:34:03","date_gmt":"2026-02-25T21:34:03","guid":{"rendered":"https:\/\/costiproject.net\/home\/"},"modified":"2026-05-05T08:43:45","modified_gmt":"2026-05-05T08:43:45","slug":"home","status":"publish","type":"page","link":"https:\/\/costiproject.net\/it\/","title":{"rendered":"Inizio"},"content":{"rendered":"\t\t<div data-elementor-type=\"wp-page\" data-elementor-id=\"1332\" class=\"elementor elementor-1332 elementor-14\">\n\t\t\t\t<div class=\"aux-parallax-section elementor-element elementor-element-b08ecda e-con-full e-flex e-con e-parent\" data-id=\"b08ecda\" data-element_type=\"container\" data-e-type=\"container\" data-settings=\"{&quot;background_background&quot;:&quot;classic&quot;}\">\n\t\t<div class=\"elementor-element elementor-element-545451f e-con-full e-flex e-con e-child\" data-id=\"545451f\" data-element_type=\"container\" data-e-type=\"container\">\n\t\t\t\t<div class=\"elementor-element elementor-element-91c716d elementor-widget elementor-widget-aux_modern_heading\" data-id=\"91c716d\" data-element_type=\"widget\" data-e-type=\"widget\" data-widget_type=\"aux_modern_heading.default\">\n\t\t\t\t\t<section class=\"aux-widget-modern-heading\">\n            <div class=\"aux-widget-inner\"><h1 class=\"aux-modern-heading-primary\">COSTI<\/h1><div class=\"aux-modern-heading-description\"><p class=\"western\" lang=\"en-GB\"><span lang=\"it-IT\">Il costo dello stigma. Analizzare e prevenire la discriminazione nei confronti delle persone della comunit\u00e0 studentesca coinvolte nell\u2019industria del sesso nelle universit\u00e0 spagnole e italiane<\/span><\/p><\/div><\/div>\n        <\/section>\t\t\t\t<\/div>\n\t\t\t\t<\/div>\n\t\t<div class=\"elementor-element elementor-element-7da0f57 e-con-full e-flex e-con e-child\" data-id=\"7da0f57\" data-element_type=\"container\" data-e-type=\"container\">\n\t\t\t\t<\/div>\n\t\t\t\t<\/div>\n\t\t<div class=\"aux-parallax-section elementor-element elementor-element-82f5c8a e-con-full e-flex e-con e-parent\" data-id=\"82f5c8a\" data-element_type=\"container\" data-e-type=\"container\" id=\"sobre\" data-settings=\"{&quot;background_background&quot;:&quot;classic&quot;}\">\n\t\t\t\t<div class=\"elementor-element elementor-element-43d8d3b elementor-view-default elementor-invisible elementor-widget elementor-widget-icon\" data-id=\"43d8d3b\" data-element_type=\"widget\" data-e-type=\"widget\" data-settings=\"{&quot;_animation_mobile&quot;:&quot;bounce&quot;,&quot;_animation&quot;:&quot;bounce&quot;,&quot;_animation_delay&quot;:2000}\" data-widget_type=\"icon.default\">\n\t\t\t\t\t\t\t<div class=\"elementor-icon-wrapper\">\n\t\t\t<a class=\"elementor-icon\" href=\"#sobre\">\n\t\t\t<i aria-hidden=\"true\" class=\"auxicon2 auxicon2-arrow-chevron-fat-down\"><\/i>\t\t\t<\/a>\n\t\t<\/div>\n\t\t\t\t\t\t<\/div>\n\t\t\t\t<div class=\"elementor-element elementor-element-f576823 elementor-widget__width-initial elementor-widget elementor-widget-text-editor\" data-id=\"f576823\" data-element_type=\"widget\" data-e-type=\"widget\" data-widget_type=\"text-editor.default\">\n\t\t\t\t\t\t\t\t\t<p class=\"western\" lang=\"en-GB\" align=\"justify\"><span lang=\"it-IT\">Il progetto COSTI mira a promuovere risposte eque ai bisogni della comunit\u00e0 studentesca\u00a0<\/span><span lang=\"it-IT\">coinvolta nel lavoro sessuale\u00a0<\/span><span lang=\"it-IT\">nelle universit\u00e0 spagnole e italiane, nonch\u00e9\u00a0<\/span><span lang=\"it-IT\">a sviluppare una consapevolezza critica sul lavoro sessuale studentesco<\/span><span lang=\"it-IT\"> all\u2019interno delle istituzioni educative <\/span><span lang=\"it-IT\">e, pi\u00f9 in generale, della societ\u00e0.<\/span><\/p><p class=\"western\" lang=\"en-GB\" align=\"justify\"><span lang=\"it-IT\">Puoi scoprire di cosa tratta il <a href=\"https:\/\/costiproject.net\/it\/project\/\"><span lang=\"en-US\">progetto<\/span><\/a>, aggiornarti sulle nostre <a href=\"https:\/\/costiproject.net\/it\/activities\/\"><span lang=\"en-US\">attivit\u00e0<\/span><\/a> o consultare le <a href=\"https:\/\/costiproject.net\/it\/publications\/\"><span lang=\"en-US\">pubblicazioni<\/span><\/a> correlate.<\/span><\/p><p class=\"western\" lang=\"en-GB\" align=\"justify\"><span lang=\"it-IT\">Puoi anche collaborare in modo anonimo partecipando come membro della comunit\u00e0 studentesca, come membro della comunit\u00e0 studentesca che svolge il lavoro sessuale, o come membro del personale accademico.<\/span><\/p><p class=\"western\" lang=\"en-GB\" align=\"justify\"><span lang=\"it-IT\">Il progetto \u00e8 realizzato presso l\u2019Universit\u00e0 Rovira i Virgili e l\u2019Universit\u00e0 Nazionale Autonoma del Messico,<\/span><span lang=\"it-IT\"> e il suo <span lang=\"en-US\"><a href=\"https:\/\/costiproject.net\/it\/team\/\">team di ricerca<\/a><\/span> \u00e8 composto da Livia Motterle (Ricercatrice Principale), Jordi Roca e Marta Lamas.<\/span><\/p>\t\t\t\t\t\t\t\t<\/div>\n\t\t\t\t<\/div>\n\t\t<div class=\"aux-parallax-section elementor-element elementor-element-b2f166c e-flex e-con-boxed e-con e-parent\" data-id=\"b2f166c\" data-element_type=\"container\" data-e-type=\"container\">\n\t\t\t\t\t<div class=\"e-con-inner\">\n\t\t\t\t<div class=\"elementor-element elementor-element-68f2da5 elementor-widget elementor-widget-aux_modern_button\" data-id=\"68f2da5\" data-element_type=\"widget\" data-e-type=\"widget\" data-widget_type=\"aux_modern_button.default\">\n\t\t\t\t\t    <div class=\"aux-modern-button-wrapper aux-modern-button-align-left\" >\n                    <a class=\"aux-modern-button aux-black aux-modern-button-md aux-modern-button-normal aux-modern-button-default aux-icon-\" id=\"collaborateanchor\">\n                <div class=\"aux-overlay\"><\/div>\n                                    <div class=\"aux-icon \">\n                                            <\/div>\n                                <div class=\"aux-text\">\n<span class=\"aux-text-before\">COLLABORA<\/span>                <\/div>\n            <\/a>\n            \n    <\/div>\n\n    \t\t\t\t<\/div>\n\t\t\t\t\t<\/div>\n\t\t\t\t<\/div>\n\t\t<div class=\"aux-parallax-section elementor-element elementor-element-e52b0a1 e-flex e-con-boxed e-con e-parent\" data-id=\"e52b0a1\" data-element_type=\"container\" data-e-type=\"container\">\n\t\t\t\t\t<div class=\"e-con-inner\">\n\t\t<div class=\"elementor-element elementor-element-933983b e-con-full e-flex e-con e-child\" data-id=\"933983b\" data-element_type=\"container\" data-e-type=\"container\">\n\t\t\t\t<div class=\"elementor-element elementor-element-29cb1e5 elementor-widget elementor-widget-aux_modern_heading\" data-id=\"29cb1e5\" data-element_type=\"widget\" data-e-type=\"widget\" data-widget_type=\"aux_modern_heading.default\">\n\t\t\t\t\t<section class=\"aux-widget-modern-heading\">\n            <div class=\"aux-widget-inner\"><h3 class=\"aux-modern-heading-primary\">Stai studiando in un\u2019universit\u00e0 spagnola o italiana?<\/h3><div class=\"aux-modern-heading-description\"><p class=\"western\" lang=\"en-GB\" align=\"justify\"><span lang=\"it-IT\">Se attualmente frequenti un\u2019universit\u00e0 di Barcellona, Madrid, Roma o Bologna, e hai pi\u00f9 di 18 anni, ti invitiamo a partecipare compilando la prima parte di questo breve questionario anonimo (nessuno potr\u00e0 identificare chi lo ha compilato). <\/span><span lang=\"it-IT\">L\u2019obiettivo \u00e8 esplorare le percezioni <\/span><span lang=\"it-IT\">della comunit\u00e0 studentesca.<\/span><\/p><p class=\"western\" lang=\"en-GB\" align=\"justify\"><span lang=\"it-IT\">Il questionario sar\u00e0 disponibile fino al 31 luglio 2026.<\/span><\/p><\/div><\/div>\n        <\/section>\t\t\t\t<\/div>\n\t\t\t\t<div class=\"elementor-element elementor-element-5b8eb93 elementor-widget elementor-widget-aux_modern_heading\" data-id=\"5b8eb93\" data-element_type=\"widget\" data-e-type=\"widget\" data-widget_type=\"aux_modern_heading.default\">\n\t\t\t\t\t<section class=\"aux-widget-modern-heading\">\n            <div class=\"aux-widget-inner\"><h3 class=\"aux-modern-heading-primary\"><\/h3><div class=\"aux-modern-heading-description\"><p style=\"text-align: center\"><strong><a href=\"https:\/\/forms.office.com\/r\/7DFSxhzcJ5?origin=lprLink&amp;Lang=it\" target=\"_blank\" rel=\"noopener\">Questionario per la comunit\u00e0 studentesca universitaria<\/a><\/strong><\/p><\/div><\/div>\n        <\/section>\t\t\t\t<\/div>\n\t\t\t\t<div class=\"elementor-element elementor-element-dcb00d6 elementor-widget elementor-widget-aux_modern_heading\" data-id=\"dcb00d6\" data-element_type=\"widget\" data-e-type=\"widget\" data-widget_type=\"aux_modern_heading.default\">\n\t\t\t\t\t<section class=\"aux-widget-modern-heading\">\n            <div class=\"aux-widget-inner\"><h3 class=\"aux-modern-heading-primary\"><\/h3><div class=\"aux-modern-heading-description\"><p class=\"western\" lang=\"en-GB\" align=\"justify\"><span lang=\"it-IT\">Il tuo contributo\u00a0<\/span><span lang=\"it-IT\">rappresenter\u00e0 una risorsa preziosa per il progetto. Ti ringraziamo per la partecipazione e per il sostegno all\u2019ampliamento delle conoscenze sul lavoro sessuale studentesco e alla promozione di un dibattito informato e rispettoso.<\/span><\/p><\/div><\/div>\n        <\/section>\t\t\t\t<\/div>\n\t\t\t\t<\/div>\n\t\t<div class=\"elementor-element elementor-element-025346a e-con-full e-flex e-con e-child\" data-id=\"025346a\" data-element_type=\"container\" data-e-type=\"container\">\n\t\t\t\t<div class=\"elementor-element elementor-element-fdab587 elementor-widget elementor-widget-image\" data-id=\"fdab587\" data-element_type=\"widget\" data-e-type=\"widget\" data-widget_type=\"image.default\">\n\t\t\t\t\t\t\t\t\t\t\t\t\t\t\t<img fetchpriority=\"high\" decoding=\"async\" width=\"800\" height=\"1000\" src=\"https:\/\/costiproject.net\/wp-content\/uploads\/2026\/03\/dibujo_student_complet.jpg\" class=\"attachment-full size-full wp-image-809\" alt=\"\" \/>\t\t\t\t\t\t\t\t\t\t\t\t\t\t\t<\/div>\n\t\t\t\t<\/div>\n\t\t\t\t\t<\/div>\n\t\t\t\t<\/div>\n\t\t<div class=\"aux-parallax-section elementor-element elementor-element-c4b85c8 e-flex e-con-boxed e-con e-parent\" data-id=\"c4b85c8\" data-element_type=\"container\" data-e-type=\"container\">\n\t\t\t\t\t<div class=\"e-con-inner\">\n\t\t<div class=\"elementor-element elementor-element-759cdc8 e-con-full e-flex e-con e-child\" data-id=\"759cdc8\" data-element_type=\"container\" data-e-type=\"container\">\n\t\t\t\t<div class=\"elementor-element elementor-element-85678bd elementor-widget elementor-widget-image\" data-id=\"85678bd\" data-element_type=\"widget\" data-e-type=\"widget\" data-widget_type=\"image.default\">\n\t\t\t\t\t\t\t\t\t\t\t\t\t\t\t<img decoding=\"async\" width=\"800\" height=\"1000\" src=\"https:\/\/costiproject.net\/wp-content\/uploads\/2026\/02\/dibujo_sex-worker.jpg\" class=\"attachment-full size-full wp-image-88\" alt=\"\" \/>\t\t\t\t\t\t\t\t\t\t\t\t\t\t\t<\/div>\n\t\t\t\t<\/div>\n\t\t<div class=\"elementor-element elementor-element-3d91d7b e-con-full e-flex e-con e-child\" data-id=\"3d91d7b\" data-element_type=\"container\" data-e-type=\"container\">\n\t\t\t\t<div class=\"elementor-element elementor-element-fde7a6e elementor-widget elementor-widget-aux_modern_heading\" data-id=\"fde7a6e\" data-element_type=\"widget\" data-e-type=\"widget\" data-widget_type=\"aux_modern_heading.default\">\n\t\t\t\t\t<section class=\"aux-widget-modern-heading\">\n            <div class=\"aux-widget-inner\"><h3 class=\"aux-modern-heading-primary\">Stai studiando in un\u2019universit\u00e0 spagnola o italiana e svolgi lavoro sessuale?<\/h3><div class=\"aux-modern-heading-description\"><p class=\"western\" lang=\"en-GB\" align=\"justify\"><span lang=\"it-IT\">Se attualmente studi o hai studiato recentemente\u00a0<\/span><span lang=\"it-IT\">presso un\u2019universit\u00e0 <\/span><span lang=\"it-IT\">di Barcellona, Madrid, Roma o Bologna, hai 18 anni o pi\u00f9 e <\/span><span lang=\"it-IT\">svolgi o hai svolto il lavoro sessuale<\/span><span lang=\"it-IT\">, ti invitiamo a completare entrambe le parti di questo breve questionario anonimo (nessuno potr\u00e0 identificare chi lo ha compilato). Il suo obiettivo \u00e8 esplorare le percezioni e le esperienze della comunit\u00e0 studentesca in relazione al lavoro sessuale nel contesto universitario, includendo le motivazioni e le necessit\u00e0 delle persone che lo svolgono.<\/span><\/p><p class=\"western\" lang=\"en-GB\" align=\"justify\"><span lang=\"it-IT\">Il questionario sar\u00e0 disponibile fino al 31 luglio 2026.<\/span><\/p><\/div><\/div>\n        <\/section>\t\t\t\t<\/div>\n\t\t\t\t<div class=\"elementor-element elementor-element-e1a0c00 elementor-widget elementor-widget-aux_modern_heading\" data-id=\"e1a0c00\" data-element_type=\"widget\" data-e-type=\"widget\" data-widget_type=\"aux_modern_heading.default\">\n\t\t\t\t\t<section class=\"aux-widget-modern-heading\">\n            <div class=\"aux-widget-inner\"><h3 class=\"aux-modern-heading-primary\"><\/h3><div class=\"aux-modern-heading-description\"><p style=\"text-align: center\"><strong><a href=\"https:\/\/forms.office.com\/r\/7DFSxhzcJ5?origin=lprLink&amp;Lang=it\" target=\"_blank\" rel=\"noopener\">Questionario per la comunit\u00e0 studentesca universitaria<\/a><\/strong><\/p><\/div><\/div>\n        <\/section>\t\t\t\t<\/div>\n\t\t\t\t<div class=\"elementor-element elementor-element-43bbcfa elementor-widget elementor-widget-aux_modern_heading\" data-id=\"43bbcfa\" data-element_type=\"widget\" data-e-type=\"widget\" data-widget_type=\"aux_modern_heading.default\">\n\t\t\t\t\t<section class=\"aux-widget-modern-heading\">\n            <div class=\"aux-widget-inner\"><h3 class=\"aux-modern-heading-primary\"><\/h3><div class=\"aux-modern-heading-description\"><p class=\"western\" lang=\"en-GB\" align=\"justify\"><span lang=\"it-IT\">Il tuo contributo rappresenter\u00e0 una risorsa preziosa per il progetto. Ti ringraziamo per la partecipazione e per il sostegno all\u2019ampliamento delle conoscenze sul lavoro sessuale studentesco e alla promozione di un dibattito informato e rispettoso.<\/span><\/p>\n<p class=\"western\" lang=\"en-GB\" align=\"justify\"><span lang=\"it-IT\">Ti invitiamo anche a condividere questo questionario con altre persone della comunit\u00e0 studentesca che svolgono il lavoro sessuale. Vogliamo che tu ti senta parte di una rete di <\/span><span lang=\"it-IT\"><i>student sex workes<\/i><\/span><span lang=\"it-IT\"> che condividono esperienze, si sostengono a vicenda e fanno sentire la propria voce nella societ\u00e0.<\/span><\/p>\n<p class=\"western\" lang=\"en-GB\" align=\"justify\"><span lang=\"it-IT\"><b>Infine, se vuoi condividere la tua storia in modo anonimo attraverso una conversazione riservata (intervista), puoi contattarci a contact@costiproject.net<\/b><\/span><\/p><\/div><\/div>\n        <\/section>\t\t\t\t<\/div>\n\t\t\t\t<\/div>\n\t\t\t\t\t<\/div>\n\t\t\t\t<\/div>\n\t\t<div class=\"aux-parallax-section elementor-element elementor-element-9dc9af6 e-flex e-con-boxed e-con e-parent\" data-id=\"9dc9af6\" data-element_type=\"container\" data-e-type=\"container\">\n\t\t\t\t\t<div class=\"e-con-inner\">\n\t\t<div class=\"elementor-element elementor-element-80cf8e0 e-con-full e-flex e-con e-child\" data-id=\"80cf8e0\" data-element_type=\"container\" data-e-type=\"container\">\n\t\t\t\t<div class=\"elementor-element elementor-element-0f9e49a elementor-widget elementor-widget-aux_modern_heading\" data-id=\"0f9e49a\" data-element_type=\"widget\" data-e-type=\"widget\" data-widget_type=\"aux_modern_heading.default\">\n\t\t\t\t\t<section class=\"aux-widget-modern-heading\">\n            <div class=\"aux-widget-inner\"><h3 class=\"aux-modern-heading-primary\">Lavori come membro del corpo docente o del personale accademico in un\u2019universit\u00e0 spagnola o italiana?<\/h3><div class=\"aux-modern-heading-description\"><p class=\"western\" lang=\"en-GB\" align=\"justify\"><span lang=\"it-IT\">Se attualmente lavori in un\u2019universit\u00e0\u00a0<\/span><span lang=\"it-IT\">di Barcellona, Madrid, Roma o Bologna, <\/span><span lang=\"it-IT\">ti invitiamo a partecipare compilando questo breve e anonimo questionario, che ha l\u2019obiettivo di raccogliere informazioni sulle percezioni e sugli atteggiamenti del corpo docente e del personale accademico nei confronti del lavoro sessuale studentesco.<\/span><\/p><p class=\"western\" lang=\"en-GB\" align=\"justify\"><span lang=\"it-IT\">Il questionario sar\u00e0 disponibile fino al 31 luglio 2026.<\/span><\/p><\/div><\/div>\n        <\/section>\t\t\t\t<\/div>\n\t\t\t\t<div class=\"elementor-element elementor-element-3d0f778 elementor-widget elementor-widget-aux_modern_heading\" data-id=\"3d0f778\" data-element_type=\"widget\" data-e-type=\"widget\" data-widget_type=\"aux_modern_heading.default\">\n\t\t\t\t\t<section class=\"aux-widget-modern-heading\">\n            <div class=\"aux-widget-inner\"><h3 class=\"aux-modern-heading-primary\"><\/h3><div class=\"aux-modern-heading-description\"><p><strong><a href=\"https:\/\/forms.office.com\/r\/1CfyKv38E5?origin=lprLink&amp;Lang=it\" target=\"_blank\" rel=\"noopener\">Questionario per il personale accademico<\/a><\/strong><\/p><\/div><\/div>\n        <\/section>\t\t\t\t<\/div>\n\t\t\t\t<div class=\"elementor-element elementor-element-4f39a33 elementor-widget elementor-widget-aux_modern_heading\" data-id=\"4f39a33\" data-element_type=\"widget\" data-e-type=\"widget\" data-widget_type=\"aux_modern_heading.default\">\n\t\t\t\t\t<section class=\"aux-widget-modern-heading\">\n            <div class=\"aux-widget-inner\"><h3 class=\"aux-modern-heading-primary\"><\/h3><div class=\"aux-modern-heading-description\"><p class=\"western\" lang=\"en-GB\" align=\"justify\"><span lang=\"it-IT\">Il tuo contributo rappresenter\u00e0 una risorsa preziosa per il progetto. Ti ringraziamo per la partecipazione e per il sostegno all\u2019ampliamento delle conoscenze sul lavoro sessuale studentesco e alla promozione di un dibattito informato e rispettoso.<\/span><\/p><\/div><\/div>\n        <\/section>\t\t\t\t<\/div>\n\t\t\t\t<\/div>\n\t\t<div class=\"elementor-element elementor-element-5ca0e7a e-con-full e-flex e-con e-child\" data-id=\"5ca0e7a\" data-element_type=\"container\" data-e-type=\"container\">\n\t\t\t\t<div class=\"elementor-element elementor-element-c8aed91 elementor-widget elementor-widget-image\" data-id=\"c8aed91\" data-element_type=\"widget\" data-e-type=\"widget\" data-widget_type=\"image.default\">\n\t\t\t\t\t\t\t\t\t\t\t\t\t\t\t<img decoding=\"async\" width=\"1000\" height=\"800\" src=\"https:\/\/costiproject.net\/wp-content\/uploads\/2026\/02\/dibujo_uni_staff.jpg\" class=\"attachment-full size-full wp-image-90\" alt=\"\" \/>\t\t\t\t\t\t\t\t\t\t\t\t\t\t\t<\/div>\n\t\t\t\t<\/div>\n\t\t\t\t\t<\/div>\n\t\t\t\t<\/div>\n\t\t<div class=\"aux-parallax-section elementor-element elementor-element-ed24d34 e-flex e-con-boxed e-con e-parent\" data-id=\"ed24d34\" data-element_type=\"container\" data-e-type=\"container\" data-settings=\"{&quot;background_background&quot;:&quot;classic&quot;}\">\n\t\t\t\t\t<div class=\"e-con-inner\">\n\t\t<div class=\"elementor-element elementor-element-9172524 e-con-full e-flex e-con e-child\" data-id=\"9172524\" data-element_type=\"container\" data-e-type=\"container\">\n\t\t\t\t<div class=\"elementor-element elementor-element-d96ccab elementor-widget elementor-widget-aux_modern_heading\" data-id=\"d96ccab\" data-element_type=\"widget\" data-e-type=\"widget\" data-widget_type=\"aux_modern_heading.default\">\n\t\t\t\t\t<section class=\"aux-widget-modern-heading\">\n            <div class=\"aux-widget-inner\"><h3 class=\"aux-modern-heading-primary\">Che cos\u2019\u00e8 il lavoro sessuale?<\/h3><div class=\"aux-modern-heading-description\"><p class=\"western\" lang=\"en-GB\" align=\"justify\"><span lang=\"it-IT\">Il lavoro sessuale si riferisce allo scambio di servizi, <\/span><span lang=\"it-IT\">prestazioni<\/span><span lang=\"it-IT\"> o contenuti sessuali in cambio di una compensazione materiale<\/span><span lang=\"it-IT\">. Si tratta di <\/span><span lang=\"it-IT\">un termine ombrello che comprende un\u2019ampia gamma di attivit\u00e0,<\/span><span lang=\"it-IT\"> che spaziano da forme che <\/span><span lang=\"it-IT\">implicano un contatto diretto con la clientela (lavoro sessuale <\/span><span lang=\"it-IT\">di strada; attivit\u00e0 di accompagnamento o <\/span><span lang=\"it-IT\"><i>escort<\/i><\/span><span lang=\"it-IT\">; <\/span><span lang=\"it-IT\">vendita di servizi sessuali in hotel, centri massaggi, saune <\/span><span lang=\"it-IT\">o presso il proprio domicilio) a forme <\/span><span lang=\"it-IT\">svolte senza contatto fisico (vendita di servizi sessuali su piattaforme erotiche virtuali; <\/span><span lang=\"it-IT\">danza <\/span><span lang=\"it-IT\">erotica; lavoro come interprete nell\u2019industria pornografica; ecc.).<\/span><\/p><\/div><\/div>\n        <\/section>\t\t\t\t<\/div>\n\t\t\t\t<div class=\"elementor-element elementor-element-c5620e3 elementor-widget elementor-widget-image\" data-id=\"c5620e3\" data-element_type=\"widget\" data-e-type=\"widget\" data-widget_type=\"image.default\">\n\t\t\t\t\t\t\t\t\t\t\t\t\t\t\t<img loading=\"lazy\" decoding=\"async\" width=\"141\" height=\"109\" src=\"https:\/\/costiproject.net\/wp-content\/uploads\/2026\/02\/sex_work.svg\" class=\"attachment-full size-full wp-image-91\" alt=\"\" \/>\t\t\t\t\t\t\t\t\t\t\t\t\t\t\t<\/div>\n\t\t\t\t<\/div>\n\t\t\t\t\t<\/div>\n\t\t\t\t<\/div>\n\t\t\t\t<\/div>\n\t\t","protected":false},"excerpt":{"rendered":"<p>COSTI Il costo dello stigma. Analizzare e prevenire la discriminazione nei confronti delle persone della comunit\u00e0 studentesca coinvolte nell\u2019industria del sesso nelle universit\u00e0 spagnole e italiane Il progetto COSTI mira a promuovere risposte eque ai bisogni della comunit\u00e0 studentesca\u00a0coinvolta nel lavoro sessuale\u00a0nelle universit\u00e0 spagnole e italiane, nonch\u00e9\u00a0a sviluppare una consapevolezza critica sul lavoro sessuale studentesco [&hellip;]<\/p>\n","protected":false},"author":1,"featured_media":0,"parent":0,"menu_order":0,"comment_status":"closed","ping_status":"closed","template":"","meta":{"footnotes":""},"class_list":["post-1332","page","type-page","status-publish","hentry"],"_links":{"self":[{"href":"https:\/\/costiproject.net\/it\/wp-json\/wp\/v2\/pages\/1332","targetHints":{"allow":["GET"]}}],"collection":[{"href":"https:\/\/costiproject.net\/it\/wp-json\/wp\/v2\/pages"}],"about":[{"href":"https:\/\/costiproject.net\/it\/wp-json\/wp\/v2\/types\/page"}],"author":[{"embeddable":true,"href":"https:\/\/costiproject.net\/it\/wp-json\/wp\/v2\/users\/1"}],"replies":[{"embeddable":true,"href":"https:\/\/costiproject.net\/it\/wp-json\/wp\/v2\/comments?post=1332"}],"version-history":[{"count":100,"href":"https:\/\/costiproject.net\/it\/wp-json\/wp\/v2\/pages\/1332\/revisions"}],"predecessor-version":[{"id":2050,"href":"https:\/\/costiproject.net\/it\/wp-json\/wp\/v2\/pages\/1332\/revisions\/2050"}],"wp:attachment":[{"href":"https:\/\/costiproject.net\/it\/wp-json\/wp\/v2\/media?parent=1332"}],"curies":[{"name":"wp","href":"https:\/\/api.w.org\/{rel}","templated":true}]}}