{"id":1360,"date":"2026-02-26T00:58:03","date_gmt":"2026-02-26T00:58:03","guid":{"rendered":"https:\/\/costiproject.net\/project\/"},"modified":"2026-05-05T08:47:01","modified_gmt":"2026-05-05T08:47:01","slug":"project","status":"publish","type":"page","link":"https:\/\/costiproject.net\/it\/project\/","title":{"rendered":"Progetto"},"content":{"rendered":"\t\t<div data-elementor-type=\"wp-page\" data-elementor-id=\"1360\" class=\"elementor elementor-1360 elementor-155\">\n\t\t\t\t<div class=\"aux-parallax-section elementor-element elementor-element-3e060c3 e-con-full e-flex e-con e-parent\" data-id=\"3e060c3\" data-element_type=\"container\" data-e-type=\"container\">\n\t\t<div class=\"elementor-element elementor-element-022fd25 e-con-full e-flex e-con e-child\" data-id=\"022fd25\" data-element_type=\"container\" data-e-type=\"container\" data-settings=\"{&quot;background_background&quot;:&quot;classic&quot;}\">\n\t\t\t\t<div class=\"elementor-element elementor-element-540201d elementor-widget elementor-widget-image\" data-id=\"540201d\" data-element_type=\"widget\" data-e-type=\"widget\" data-widget_type=\"image.default\">\n\t\t\t\t\t\t\t\t\t\t\t\t\t\t\t<img decoding=\"async\" width=\"150\" height=\"150\" src=\"https:\/\/costiproject.net\/wp-content\/uploads\/2026\/03\/orla.png\" class=\"attachment-full size-full wp-image-537\" alt=\"\" \/>\t\t\t\t\t\t\t\t\t\t\t\t\t\t\t<\/div>\n\t\t\t\t<div class=\"elementor-element elementor-element-9f1f797 elementor-widget elementor-widget-heading\" data-id=\"9f1f797\" data-element_type=\"widget\" data-e-type=\"widget\" data-widget_type=\"heading.default\">\n\t\t\t\t\t<h2 class=\"elementor-heading-title elementor-size-default\">Progetto<\/h2>\t\t\t\t<\/div>\n\t\t\t\t<\/div>\n\t\t\t\t<\/div>\n\t\t<div class=\"aux-parallax-section elementor-element elementor-element-ed24d34 e-flex e-con-boxed e-con e-parent\" data-id=\"ed24d34\" data-element_type=\"container\" data-e-type=\"container\" id=\"overview\">\n\t\t\t\t\t<div class=\"e-con-inner\">\n\t\t<div class=\"elementor-element elementor-element-9172524 e-con-full e-flex e-con e-child\" data-id=\"9172524\" data-element_type=\"container\" data-e-type=\"container\" data-settings=\"{&quot;background_background&quot;:&quot;classic&quot;}\">\n\t\t\t\t<div class=\"elementor-element elementor-element-d96ccab elementor-widget elementor-widget-aux_modern_heading\" data-id=\"d96ccab\" data-element_type=\"widget\" data-e-type=\"widget\" data-widget_type=\"aux_modern_heading.default\">\n\t\t\t\t\t<section class=\"aux-widget-modern-heading\">\n            <div class=\"aux-widget-inner\"><h3 class=\"aux-modern-heading-primary\">Panoramica <\/h3><div class=\"aux-modern-heading-description\"><p class=\"western\" lang=\"en-GB\" align=\"justify\"><span lang=\"it-IT\">Le sfide globali nel promuovere un\u2019istruzione universitaria libera da discriminazioni sono in aumento. Una parte significativa della comunit\u00e0 studentesca\u00a0<\/span><span lang=\"it-IT\">\u00e8 esposta a<\/span>\u00a0<span lang=\"it-IT\">diverse forme di discriminazione basate sulla classe sociale, il genere, la provenienza, l\u2019et\u00e0 o l\u2019occupazione, spesso senza che i loro diritti vengano riconosciuti. Sebbene le universit\u00e0 europee abbiano compiuto progressi significativi nella prevenzione della violenza di genere contro le donne e la comunit\u00e0 LGTBIQA+, non hanno ancora affrontato la discriminazione nei confronti della comunit\u00e0 studentesca coinvolta nell\u2019industria del sesso.<\/span><\/p><p class=\"western\" lang=\"en-GB\" align=\"justify\"><span lang=\"it-IT\">Questa problematica \u00e8 sempre pi\u00f9 rilevante, <\/span><span lang=\"it-IT\">poich\u00e9, anche a causa dell\u2019aumento delle tasse universitarie e del costo della vita, un numero crescente di persone che frequentano l\u2019universit\u00e0 ricorre al lavoro sessuale.<\/span><span lang=\"it-IT\"> Per alcune di loro, il lavoro sessuale rappresenta un\u2019alternativa pi\u00f9 flessibile e meglio retribuita, ma non priva di costi. <\/span><span lang=\"it-IT\">Lo stigma che gravita intorno a<\/span><span lang=\"it-IT\"> questa attivit\u00e0 spinge molte <\/span><span lang=\"it-IT\">persone<\/span><span lang=\"it-IT\"> a mantenerla segreta, per <\/span><span lang=\"it-IT\">timore<\/span><span lang=\"it-IT\"> del giudizio o di possibili ripercussioni <\/span><span lang=\"it-IT\">da parte dell\u2019ambiente accademico.<\/span> <span lang=\"it-IT\">Infatti, in numerosi casi<\/span><span lang=\"it-IT\">, le persone della comunit\u00e0 studentesca che <\/span><span lang=\"it-IT\">svolgono lavoro sessuale<\/span><span lang=\"it-IT\"> e hanno reso pubblica la loro occupazione hanno subito sanzioni o espulsioni a causa di clausole di moralit\u00e0.<\/span><\/p><p class=\"western\" lang=\"en-GB\" align=\"justify\"><span lang=\"it-IT\">Situato all\u2019intersezione tra i processi di stigmatizzazione, il lavoro sessuale, l\u2019istruzione e la trasformazione sociale, COSTI <\/span><span lang=\"it-IT\">si configura quindi come<\/span><span lang=\"it-IT\"> un progetto pioniere di ricerca-azione.<\/span><\/p><\/div><\/div>\n        <\/section>\t\t\t\t<\/div>\n\t\t\t\t<\/div>\n\t\t\t\t\t<\/div>\n\t\t\t\t<\/div>\n\t\t<div class=\"aux-parallax-section elementor-element elementor-element-03ebf8b e-flex e-con-boxed e-con e-parent\" data-id=\"03ebf8b\" data-element_type=\"container\" data-e-type=\"container\" id=\"research\" data-settings=\"{&quot;background_background&quot;:&quot;classic&quot;}\">\n\t\t\t\t\t<div class=\"e-con-inner\">\n\t\t<div class=\"elementor-element elementor-element-d85a80f e-con-full e-flex e-con e-child\" data-id=\"d85a80f\" data-element_type=\"container\" data-e-type=\"container\">\n\t\t\t\t<div class=\"elementor-element elementor-element-ee0e97a elementor-widget elementor-widget-aux_modern_heading\" data-id=\"ee0e97a\" data-element_type=\"widget\" data-e-type=\"widget\" data-widget_type=\"aux_modern_heading.default\">\n\t\t\t\t\t<section class=\"aux-widget-modern-heading\">\n            <div class=\"aux-widget-inner\"><h3 class=\"aux-modern-heading-primary\">Obiettivi di ricerca<\/h3><div class=\"aux-modern-heading-description\"><p class=\"western\" lang=\"en-GB\" align=\"justify\"><span lang=\"it-IT\">L\u2019obiettivo principale di ricerca di COSTI \u00e8 analizzare, attraverso una metodologia partecipativa, il fenomeno emergente \u2014ma ancora poco studiato\u2014 del lavoro sessuale studentesco, concentrandosi sui meccanismi di stigmatizzazione che operano all\u2019interno delle universit\u00e0, al fine di rafforzare l\u2019inclusione sociale delle persone iscritte all\u2019universit\u00e0 che realizzano il lavoro sessuale. Gli obiettivi specifici sono:<\/span><\/p>\n<p class=\"western\" lang=\"it-IT\" align=\"justify\">\u2022 Mappare il fenomeno del lavoro sessuale in Europa attraverso una revisione approfondita della letteratura. Ci\u00f2 costituir\u00e0 la base per generare i primi risultati sul lavoro sessuale studentesco in Spagna e in Italia.<\/p>\n\n<p class=\"western\" lang=\"it-IT\" align=\"justify\">\u2022 Comprendere, da una prospettiva intersezionale, le motivazioni che spingono alcune persone della comunit\u00e0 studentesca a entrare nell\u2019industria del sesso, cos\u00ec come i fattori sociali e politici che generano lo stigma istituzionale nei confronti di queste persone in Spagna e in Italia.<\/p>\n\n<p class=\"western\" lang=\"it-IT\" align=\"justify\">\u2022 Individuare, insieme a esperti di stigma istituzionale nei confronti\u00a0di chi svolge lavoro sessuale, le esigenze della comunit\u00e0 studentesca che svolge lavoro sessuale in Spagna e in Italia.<\/p>\n\n<p class=\"western\" lang=\"it-IT\" align=\"justify\">\u2022 Creare, insieme alle persone della comunit\u00e0 studentesca che svolgono il lavoro sessuale, raccomandazioni volte a prevenire la discriminazione all\u2019interno della comunit\u00e0 universitaria, aumentando la consapevolezza sul tema del lavoro sessuale studentesco nelle universit\u00e0 e nella societ\u00e0 nel suo complesso.<\/p><\/div><\/div>\n        <\/section>\t\t\t\t<\/div>\n\t\t\t\t<\/div>\n\t\t\t\t\t<\/div>\n\t\t\t\t<\/div>\n\t\t<div class=\"aux-parallax-section elementor-element elementor-element-32dc2dd e-flex e-con-boxed e-con e-parent\" data-id=\"32dc2dd\" data-element_type=\"container\" data-e-type=\"container\" id=\"methodology\">\n\t\t\t\t\t<div class=\"e-con-inner\">\n\t\t<div class=\"elementor-element elementor-element-01b76d1 e-con-full e-flex e-con e-child\" data-id=\"01b76d1\" data-element_type=\"container\" data-e-type=\"container\">\n\t\t\t\t<div class=\"elementor-element elementor-element-2ba9613 elementor-widget elementor-widget-aux_modern_heading\" data-id=\"2ba9613\" data-element_type=\"widget\" data-e-type=\"widget\" data-widget_type=\"aux_modern_heading.default\">\n\t\t\t\t\t<section class=\"aux-widget-modern-heading\">\n            <div class=\"aux-widget-inner\"><h3 class=\"aux-modern-heading-primary\">Metodologia<\/h3><div class=\"aux-modern-heading-description\"><p class=\"western\" lang=\"en-GB\" align=\"justify\"><span lang=\"it-IT\">COSTI si basa su una etnografia multisituata condotta presso universit\u00e0 dell\u2019Europa meridionale, in particolare a Barcellona, Madrid, Roma e Bologna. Il progetto combina ricerca etnografica, metodi quantitativi e ricerca-azione. Include questionari anonimi online rivolti alla comunit\u00e0 studentesca e al personale accademico, interviste in profondit\u00e0 e <\/span><span lang=\"it-IT\"><i>focus groups<\/i><\/span><span lang=\"it-IT\"> con persone che studiano all\u2019universit\u00e0 e che svolgono il lavoro sessuale, nonch\u00e9 la co-creazione di un documento con raccomandazioni.<\/span><\/p><\/div><\/div>\n        <\/section>\t\t\t\t<\/div>\n\t\t\t\t<\/div>\n\t\t\t\t\t<\/div>\n\t\t\t\t<\/div>\n\t\t\t\t<\/div>\n\t\t","protected":false},"excerpt":{"rendered":"<p>Progetto Panoramica Le sfide globali nel promuovere un\u2019istruzione universitaria libera da discriminazioni sono in aumento. Una parte significativa della comunit\u00e0 studentesca\u00a0\u00e8 esposta a\u00a0diverse forme di discriminazione basate sulla classe sociale, il genere, la provenienza, l\u2019et\u00e0 o l\u2019occupazione, spesso senza che i loro diritti vengano riconosciuti. Sebbene le universit\u00e0 europee abbiano compiuto progressi significativi nella prevenzione [&hellip;]<\/p>\n","protected":false},"author":1,"featured_media":0,"parent":0,"menu_order":0,"comment_status":"closed","ping_status":"closed","template":"elementor_header_footer","meta":{"footnotes":""},"class_list":["post-1360","page","type-page","status-publish","hentry"],"_links":{"self":[{"href":"https:\/\/costiproject.net\/it\/wp-json\/wp\/v2\/pages\/1360","targetHints":{"allow":["GET"]}}],"collection":[{"href":"https:\/\/costiproject.net\/it\/wp-json\/wp\/v2\/pages"}],"about":[{"href":"https:\/\/costiproject.net\/it\/wp-json\/wp\/v2\/types\/page"}],"author":[{"embeddable":true,"href":"https:\/\/costiproject.net\/it\/wp-json\/wp\/v2\/users\/1"}],"replies":[{"embeddable":true,"href":"https:\/\/costiproject.net\/it\/wp-json\/wp\/v2\/comments?post=1360"}],"version-history":[{"count":25,"href":"https:\/\/costiproject.net\/it\/wp-json\/wp\/v2\/pages\/1360\/revisions"}],"predecessor-version":[{"id":2053,"href":"https:\/\/costiproject.net\/it\/wp-json\/wp\/v2\/pages\/1360\/revisions\/2053"}],"wp:attachment":[{"href":"https:\/\/costiproject.net\/it\/wp-json\/wp\/v2\/media?parent=1360"}],"curies":[{"name":"wp","href":"https:\/\/api.w.org\/{rel}","templated":true}]}}