{"id":1372,"date":"2026-03-04T07:42:56","date_gmt":"2026-03-04T07:42:56","guid":{"rendered":"https:\/\/costiproject.net\/team\/"},"modified":"2026-05-05T08:47:25","modified_gmt":"2026-05-05T08:47:25","slug":"team","status":"publish","type":"page","link":"https:\/\/costiproject.net\/it\/team\/","title":{"rendered":"Team"},"content":{"rendered":"\t\t<div data-elementor-type=\"wp-page\" data-elementor-id=\"1372\" class=\"elementor elementor-1372 elementor-188\">\n\t\t\t\t<div class=\"aux-parallax-section elementor-element elementor-element-3e060c3 e-con-full e-flex e-con e-parent\" data-id=\"3e060c3\" data-element_type=\"container\" data-e-type=\"container\">\n\t\t<div class=\"elementor-element elementor-element-022fd25 e-con-full e-flex e-con e-child\" data-id=\"022fd25\" data-element_type=\"container\" data-e-type=\"container\" data-settings=\"{&quot;background_background&quot;:&quot;classic&quot;}\">\n\t\t\t\t<div class=\"elementor-element elementor-element-540201d elementor-widget elementor-widget-image\" data-id=\"540201d\" data-element_type=\"widget\" data-e-type=\"widget\" data-widget_type=\"image.default\">\n\t\t\t\t\t\t\t\t\t\t\t\t\t\t\t<img decoding=\"async\" width=\"150\" height=\"150\" src=\"https:\/\/costiproject.net\/wp-content\/uploads\/2026\/03\/gafas.png\" class=\"attachment-full size-full wp-image-715\" alt=\"\" \/>\t\t\t\t\t\t\t\t\t\t\t\t\t\t\t<\/div>\n\t\t\t\t<div class=\"elementor-element elementor-element-9f1f797 elementor-widget elementor-widget-heading\" data-id=\"9f1f797\" data-element_type=\"widget\" data-e-type=\"widget\" data-widget_type=\"heading.default\">\n\t\t\t\t\t<h2 class=\"elementor-heading-title elementor-size-default\">Team di ricerca<\/h2>\t\t\t\t<\/div>\n\t\t\t\t<\/div>\n\t\t\t\t<\/div>\n\t\t<div class=\"aux-parallax-section elementor-element elementor-element-c9485f3 e-flex e-con-boxed e-con e-parent\" data-id=\"c9485f3\" data-element_type=\"container\" data-e-type=\"container\">\n\t\t\t\t\t<div class=\"e-con-inner\">\n\t\t<div class=\"elementor-element elementor-element-31dd3b7 e-con-full e-flex e-con e-child\" data-id=\"31dd3b7\" data-element_type=\"container\" data-e-type=\"container\">\n\t\t\t\t<div class=\"elementor-element elementor-element-06fb1f8 elementor-widget elementor-widget-aux_modern_heading\" data-id=\"06fb1f8\" data-element_type=\"widget\" data-e-type=\"widget\" data-widget_type=\"aux_modern_heading.default\">\n\t\t\t\t\t<section class=\"aux-widget-modern-heading\">\n            <div class=\"aux-widget-inner\"><h3 class=\"aux-modern-heading-primary\">Livia Motterle  <\/h3><h4 class=\"aux-modern-heading-secondary\"><span class=\"aux-head-highlight\">Ricercatrice Principale<\/span><\/h4><div class=\"aux-modern-heading-description\"><p class=\"western\" lang=\"en-GB\" align=\"justify\"><span lang=\"it-IT\">R<\/span><span lang=\"it-IT\">icercatrice post-dottorato Marie Sk\u0142odowska-Curie presso l\u2019Universitat Rovira i Virgili (Tarragona), in collaborazione con il Centro di Ricerca e Studi di Genere\u00a0<\/span><span lang=\"it-IT\">dell\u2019Universit\u00e0 Nazionale Autonoma del Messico<\/span><span lang=\"it-IT\">. La sua ricerca si concentra su genere e sessualit\u00e0; esclusione sociale e diversit\u00e0 sessuale e di genere; femminismi e movimenti sociali; spazio pubblico e controllo sociale; politiche pubbliche e giovent\u00f9. Ha una vasta esperienza nella ricerca post-dottorale, nell\u2019insegnamento universitario e nella partecipazione a progetti di ricerca nazionali e internazionali.<\/span><\/p><\/div><\/div>\n        <\/section>\t\t\t\t<\/div>\n\t\t\t\t<\/div>\n\t\t<div class=\"elementor-element elementor-element-26d5ec8 e-con-full e-flex e-con e-child\" data-id=\"26d5ec8\" data-element_type=\"container\" data-e-type=\"container\">\n\t\t\t\t<div class=\"elementor-element elementor-element-58ad06a elementor-widget elementor-widget-image\" data-id=\"58ad06a\" data-element_type=\"widget\" data-e-type=\"widget\" data-widget_type=\"image.default\">\n\t\t\t\t\t\t\t\t\t\t\t\t\t\t\t<img fetchpriority=\"high\" decoding=\"async\" width=\"1080\" height=\"1080\" src=\"https:\/\/costiproject.net\/wp-content\/uploads\/2026\/03\/Livia-Motterle.webp\" class=\"attachment-full size-full wp-image-197\" alt=\"Livia Motterle\" srcset=\"https:\/\/costiproject.net\/wp-content\/uploads\/2026\/03\/Livia-Motterle.webp 1080w, https:\/\/costiproject.net\/wp-content\/uploads\/2026\/03\/Livia-Motterle-300x300.webp 300w, https:\/\/costiproject.net\/wp-content\/uploads\/2026\/03\/Livia-Motterle-1024x1024.webp 1024w, https:\/\/costiproject.net\/wp-content\/uploads\/2026\/03\/Livia-Motterle-150x150.webp 150w, https:\/\/costiproject.net\/wp-content\/uploads\/2026\/03\/Livia-Motterle-768x768.webp 768w\" sizes=\"(max-width: 1080px) 100vw, 1080px\" \/>\t\t\t\t\t\t\t\t\t\t\t\t\t\t\t<\/div>\n\t\t\t\t<\/div>\n\t\t\t\t\t<\/div>\n\t\t\t\t<\/div>\n\t\t<div class=\"aux-parallax-section elementor-element elementor-element-2579e03 e-flex e-con-boxed e-con e-parent\" data-id=\"2579e03\" data-element_type=\"container\" data-e-type=\"container\">\n\t\t\t\t\t<div class=\"e-con-inner\">\n\t\t<div class=\"elementor-element elementor-element-000f4f6 e-con-full e-flex e-con e-child\" data-id=\"000f4f6\" data-element_type=\"container\" data-e-type=\"container\">\n\t\t\t\t<div class=\"elementor-element elementor-element-bf01b98 elementor-widget elementor-widget-aux_modern_heading\" data-id=\"bf01b98\" data-element_type=\"widget\" data-e-type=\"widget\" data-widget_type=\"aux_modern_heading.default\">\n\t\t\t\t\t<section class=\"aux-widget-modern-heading\">\n            <div class=\"aux-widget-inner\"><h3 class=\"aux-modern-heading-primary\">Jordi Roca Girona<\/h3><div class=\"aux-modern-heading-description\"><p class=\"western\" lang=\"en-GB\" align=\"justify\"><span lang=\"it-IT\">P<\/span><span lang=\"it-IT\">rofessore ordinario di Antropologia Sociale presso l\u2019Universitat Rovira i Virgili (Tarragona). \u00c8 laureato in Storia e Geografia Generale e dottore di ricerca in Antropologia presso l\u2019Universit\u00e0 di Barcellona. La sua ricerca si concentra sugli studi di genere, la sessualit\u00e0 e l\u2019amore, nonch\u00e9 sulla memoria biografica e l\u2019etnografia. Ha diretto progetti di ricerca nazionali e internazionali sulle migrazioni per amore e sulle coppie binazionali, svolgendo lavoro sul campo in Ucraina, Messico e Brasile.<\/span><\/p><\/div><\/div>\n        <\/section>\t\t\t\t<\/div>\n\t\t\t\t<\/div>\n\t\t<div class=\"elementor-element elementor-element-8cd5808 e-con-full e-flex e-con e-child\" data-id=\"8cd5808\" data-element_type=\"container\" data-e-type=\"container\">\n\t\t\t\t<div class=\"elementor-element elementor-element-11b2bdf elementor-widget elementor-widget-image\" data-id=\"11b2bdf\" data-element_type=\"widget\" data-e-type=\"widget\" data-widget_type=\"image.default\">\n\t\t\t\t\t\t\t\t\t\t\t\t\t\t\t<img decoding=\"async\" width=\"229\" height=\"220\" src=\"https:\/\/costiproject.net\/wp-content\/uploads\/2026\/03\/jordi-roca.jpg\" class=\"attachment-full size-full wp-image-198\" alt=\"Jordi Roca Girona\" \/>\t\t\t\t\t\t\t\t\t\t\t\t\t\t\t<\/div>\n\t\t\t\t<\/div>\n\t\t\t\t\t<\/div>\n\t\t\t\t<\/div>\n\t\t<div class=\"aux-parallax-section elementor-element elementor-element-d816c3d e-flex e-con-boxed e-con e-parent\" data-id=\"d816c3d\" data-element_type=\"container\" data-e-type=\"container\">\n\t\t\t\t\t<div class=\"e-con-inner\">\n\t\t<div class=\"elementor-element elementor-element-e1d6e02 e-con-full e-flex e-con e-child\" data-id=\"e1d6e02\" data-element_type=\"container\" data-e-type=\"container\">\n\t\t\t\t<div class=\"elementor-element elementor-element-1be0f86 elementor-widget elementor-widget-aux_modern_heading\" data-id=\"1be0f86\" data-element_type=\"widget\" data-e-type=\"widget\" data-widget_type=\"aux_modern_heading.default\">\n\t\t\t\t\t<section class=\"aux-widget-modern-heading\">\n            <div class=\"aux-widget-inner\"><h3 class=\"aux-modern-heading-primary\">Marta Lamas Encabo<\/h3><div class=\"aux-modern-heading-description\"><p class=\"western\" lang=\"en-GB\" align=\"justify\"><span lang=\"it-IT\">Antropologa e ricercatrice senior presso il Centro di Ricerca e Studi di Genere\u00a0<\/span><span lang=\"it-IT\">dell\u2019Universit\u00e0 Nazionale Autonoma del Messico<\/span><span lang=\"it-IT\">. \u00c8 membro del Fondo de Cultura Econ\u00f3mica e del Sistema Nazionale dei Ricercatori del Consiglio Nazionale della Scienza e della Tecnologia del Messico (CONACYT). Antropologa femminista di riconoscimento internazionale, \u00e8 particolarmente nota per la sua competenza negli studi di genere, in particolare sulla depenalizzazione dell\u2019aborto, la regolamentazione del lavoro sessuale e i processi di trasformazione sociale. <\/span><\/p><\/div><\/div>\n        <\/section>\t\t\t\t<\/div>\n\t\t\t\t<\/div>\n\t\t<div class=\"elementor-element elementor-element-10ed31b e-con-full e-flex e-con e-child\" data-id=\"10ed31b\" data-element_type=\"container\" data-e-type=\"container\">\n\t\t\t\t<div class=\"elementor-element elementor-element-c217058 elementor-widget elementor-widget-image\" data-id=\"c217058\" data-element_type=\"widget\" data-e-type=\"widget\" data-widget_type=\"image.default\">\n\t\t\t\t\t\t\t\t\t\t\t\t\t\t\t<img loading=\"lazy\" decoding=\"async\" width=\"174\" height=\"176\" src=\"https:\/\/costiproject.net\/wp-content\/uploads\/2026\/03\/Marta-Lamas_ok.jpg\" class=\"attachment-full size-full wp-image-200\" alt=\"Marta Lamas Encabo\" \/>\t\t\t\t\t\t\t\t\t\t\t\t\t\t\t<\/div>\n\t\t\t\t<\/div>\n\t\t\t\t\t<\/div>\n\t\t\t\t<\/div>\n\t\t\t\t<\/div>\n\t\t","protected":false},"excerpt":{"rendered":"<p>Team di ricerca Livia Motterle Ricercatrice Principale Ricercatrice post-dottorato Marie Sk\u0142odowska-Curie presso l\u2019Universitat Rovira i Virgili (Tarragona), in collaborazione con il Centro di Ricerca e Studi di Genere\u00a0dell\u2019Universit\u00e0 Nazionale Autonoma del Messico. La sua ricerca si concentra su genere e sessualit\u00e0; esclusione sociale e diversit\u00e0 sessuale e di genere; femminismi e movimenti sociali; spazio pubblico [&hellip;]<\/p>\n","protected":false},"author":1,"featured_media":0,"parent":0,"menu_order":0,"comment_status":"closed","ping_status":"closed","template":"","meta":{"footnotes":""},"class_list":["post-1372","page","type-page","status-publish","hentry"],"_links":{"self":[{"href":"https:\/\/costiproject.net\/it\/wp-json\/wp\/v2\/pages\/1372","targetHints":{"allow":["GET"]}}],"collection":[{"href":"https:\/\/costiproject.net\/it\/wp-json\/wp\/v2\/pages"}],"about":[{"href":"https:\/\/costiproject.net\/it\/wp-json\/wp\/v2\/types\/page"}],"author":[{"embeddable":true,"href":"https:\/\/costiproject.net\/it\/wp-json\/wp\/v2\/users\/1"}],"replies":[{"embeddable":true,"href":"https:\/\/costiproject.net\/it\/wp-json\/wp\/v2\/comments?post=1372"}],"version-history":[{"count":29,"href":"https:\/\/costiproject.net\/it\/wp-json\/wp\/v2\/pages\/1372\/revisions"}],"predecessor-version":[{"id":2056,"href":"https:\/\/costiproject.net\/it\/wp-json\/wp\/v2\/pages\/1372\/revisions\/2056"}],"wp:attachment":[{"href":"https:\/\/costiproject.net\/it\/wp-json\/wp\/v2\/media?parent=1372"}],"curies":[{"name":"wp","href":"https:\/\/api.w.org\/{rel}","templated":true}]}}